
{"id":7167,"date":"2024-02-27T10:28:57","date_gmt":"2024-02-27T09:28:57","guid":{"rendered":"https:\/\/sandvika.tuktuk.no\/?post_type=product&#038;p=7167"},"modified":"2026-02-27T17:11:14","modified_gmt":"2026-02-27T16:11:14","slug":"woket-svin-m-sursotsaus","status":"publish","type":"product","link":"https:\/\/tuktuk.no\/sandvika\/product\/woket-svin-m-sursotsaus\/","title":{"rendered":"Woket Svin med Surs\u00f8t saus"},"content":{"rendered":"<p>Klassisk wok med svinekj\u00f8tt, paprika, l\u00f8k, hvitl\u00f8k, v\u00e5rl\u00f8k, ananas, agurk og tomat. Velg \u00f8nsket styrkeniv\u00e5.<\/p>\n","protected":false},"excerpt":{"rendered":"<p>Klassisk wok med svinekj\u00f8tt, paprika, l\u00f8k, hvitl\u00f8k, v\u00e5rl\u00f8k, ananas, agurk og tomat. Velg \u00f8nsket styrkeniv\u00e5.<\/p>\n","protected":false},"featured_media":10469,"comment_status":"open","ping_status":"closed","template":"","meta":{"_acf_changed":false,"_et_pb_use_builder":"","_et_pb_old_content":"","_et_gb_content_width":""},"product_brand":[],"product_cat":[216],"product_tag":[],"class_list":{"0":"post-7167","1":"product","2":"type-product","3":"status-publish","4":"has-post-thumbnail","6":"product_cat-hovedrett-wok","7":"allergy-blotdyr","8":"allergy-gluten-av-hvete","9":"allergy-lok","10":"allergy-soya","11":"allergy-sulfitt","13":"first","14":"instock","15":"taxable","16":"shipping-taxable","17":"purchasable","18":"product-type-variable","19":"has-default-attributes"},"acf":[],"yoast_head":"<!-- This site is optimized with the Yoast SEO plugin v26.0 - https:\/\/yoast.com\/wordpress\/plugins\/seo\/ -->\n<title>Woket Svin med Surs\u00f8t saus - TukTuk Sandvika<\/title>\n<meta name=\"robots\" content=\"index, follow, max-snippet:-1, max-image-preview:large, max-video-preview:-1\" \/>\n<link rel=\"canonical\" href=\"https:\/\/tuktuk.no\/sandvika\/product\/woket-svin-m-sursotsaus\/\" \/>\n<meta property=\"og:locale\" content=\"en_GB\" \/>\n<meta property=\"og:type\" content=\"article\" \/>\n<meta property=\"og:title\" content=\"Woket Svin med Surs\u00f8t saus - TukTuk Sandvika\" \/>\n<meta property=\"og:description\" content=\"Klassisk wok med svinekj\u00f8tt, paprika, l\u00f8k, hvitl\u00f8k, v\u00e5rl\u00f8k, ananas, agurk og tomat. Velg \u00f8nsket styrkeniv\u00e5.\" \/>\n<meta property=\"og:url\" content=\"https:\/\/tuktuk.no\/sandvika\/product\/woket-svin-m-sursotsaus\/\" \/>\n<meta property=\"og:site_name\" content=\"TukTuk Sandvika\" \/>\n<meta property=\"article:modified_time\" content=\"2026-02-27T16:11:14+00:00\" \/>\n<meta property=\"og:image\" content=\"https:\/\/tuktuk.no\/sandvika\/wp-content\/uploads\/2026\/02\/Woket-Svin-i-Sursot-Saus-min-2.jpg\" \/>\n\t<meta property=\"og:image:width\" content=\"1200\" \/>\n\t<meta property=\"og:image:height\" content=\"800\" \/>\n\t<meta property=\"og:image:type\" content=\"image\/jpeg\" \/>\n<meta name=\"twitter:card\" content=\"summary_large_image\" \/>\n<meta name=\"twitter:label1\" content=\"Estimated reading time\" \/>\n\t<meta name=\"twitter:data1\" content=\"1 minute\" \/>\n<script type=\"application\/ld+json\" class=\"yoast-schema-graph\">{\"@context\":\"https:\/\/schema.org\",\"@graph\":[{\"@type\":\"WebPage\",\"@id\":\"https:\/\/tuktuk.no\/sandvika\/product\/woket-svin-m-sursotsaus\/\",\"url\":\"https:\/\/tuktuk.no\/sandvika\/product\/woket-svin-m-sursotsaus\/\",\"name\":\"Woket Svin med Surs\u00f8t saus - TukTuk Sandvika\",\"isPartOf\":{\"@id\":\"https:\/\/tuktuk.no\/sandvika\/#website\"},\"primaryImageOfPage\":{\"@id\":\"https:\/\/tuktuk.no\/sandvika\/product\/woket-svin-m-sursotsaus\/#primaryimage\"},\"image\":{\"@id\":\"https:\/\/tuktuk.no\/sandvika\/product\/woket-svin-m-sursotsaus\/#primaryimage\"},\"thumbnailUrl\":\"https:\/\/tuktuk.no\/sandvika\/wp-content\/uploads\/2026\/02\/Woket-Svin-i-Sursot-Saus-min-2.jpg\",\"datePublished\":\"2024-02-27T09:28:57+00:00\",\"dateModified\":\"2026-02-27T16:11:14+00:00\",\"breadcrumb\":{\"@id\":\"https:\/\/tuktuk.no\/sandvika\/product\/woket-svin-m-sursotsaus\/#breadcrumb\"},\"inLanguage\":\"en-GB\",\"potentialAction\":[{\"@type\":\"ReadAction\",\"target\":[\"https:\/\/tuktuk.no\/sandvika\/product\/woket-svin-m-sursotsaus\/\"]}]},{\"@type\":\"ImageObject\",\"inLanguage\":\"en-GB\",\"@id\":\"https:\/\/tuktuk.no\/sandvika\/product\/woket-svin-m-sursotsaus\/#primaryimage\",\"url\":\"https:\/\/tuktuk.no\/sandvika\/wp-content\/uploads\/2026\/02\/Woket-Svin-i-Sursot-Saus-min-2.jpg\",\"contentUrl\":\"https:\/\/tuktuk.no\/sandvika\/wp-content\/uploads\/2026\/02\/Woket-Svin-i-Sursot-Saus-min-2.jpg\",\"width\":1200,\"height\":800},{\"@type\":\"BreadcrumbList\",\"@id\":\"https:\/\/tuktuk.no\/sandvika\/product\/woket-svin-m-sursotsaus\/#breadcrumb\",\"itemListElement\":[{\"@type\":\"ListItem\",\"position\":1,\"name\":\"Products\",\"item\":\"https:\/\/tuktuk.no\/sandvika\/shop\/\"},{\"@type\":\"ListItem\",\"position\":2,\"name\":\"Woket Svin med Surs\u00f8t saus\"}]},{\"@type\":\"WebSite\",\"@id\":\"https:\/\/tuktuk.no\/sandvika\/#website\",\"url\":\"https:\/\/tuktuk.no\/sandvika\/\",\"name\":\"TukTuk Sandvika\",\"description\":\"Designs that reflect you!\",\"publisher\":{\"@id\":\"https:\/\/tuktuk.no\/sandvika\/#organization\"},\"potentialAction\":[{\"@type\":\"SearchAction\",\"target\":{\"@type\":\"EntryPoint\",\"urlTemplate\":\"https:\/\/tuktuk.no\/sandvika\/?s={search_term_string}\"},\"query-input\":{\"@type\":\"PropertyValueSpecification\",\"valueRequired\":true,\"valueName\":\"search_term_string\"}}],\"inLanguage\":\"en-GB\"},{\"@type\":\"Organization\",\"@id\":\"https:\/\/tuktuk.no\/sandvika\/#organization\",\"name\":\"TukTuk Sandvika\",\"url\":\"https:\/\/tuktuk.no\/sandvika\/\",\"logo\":{\"@type\":\"ImageObject\",\"inLanguage\":\"en-GB\",\"@id\":\"https:\/\/tuktuk.no\/sandvika\/#\/schema\/logo\/image\/\",\"url\":\"https:\/\/tuktuk.no\/sandvika\/wp-content\/uploads\/2022\/04\/CurryHouseLogo.png\",\"contentUrl\":\"https:\/\/tuktuk.no\/sandvika\/wp-content\/uploads\/2022\/04\/CurryHouseLogo.png\",\"width\":409,\"height\":310,\"caption\":\"TukTuk Sandvika\"},\"image\":{\"@id\":\"https:\/\/tuktuk.no\/sandvika\/#\/schema\/logo\/image\/\"}}]}<\/script>\n<!-- \/ Yoast SEO plugin. -->","yoast_head_json":{"title":"Woket Svin med Surs\u00f8t saus - TukTuk Sandvika","robots":{"index":"index","follow":"follow","max-snippet":"max-snippet:-1","max-image-preview":"max-image-preview:large","max-video-preview":"max-video-preview:-1"},"canonical":"https:\/\/tuktuk.no\/sandvika\/product\/woket-svin-m-sursotsaus\/","og_locale":"en_GB","og_type":"article","og_title":"Woket Svin med Surs\u00f8t saus - TukTuk Sandvika","og_description":"Klassisk wok med svinekj\u00f8tt, paprika, l\u00f8k, hvitl\u00f8k, v\u00e5rl\u00f8k, ananas, agurk og tomat. Velg \u00f8nsket styrkeniv\u00e5.","og_url":"https:\/\/tuktuk.no\/sandvika\/product\/woket-svin-m-sursotsaus\/","og_site_name":"TukTuk Sandvika","article_modified_time":"2026-02-27T16:11:14+00:00","og_image":[{"width":1200,"height":800,"url":"https:\/\/tuktuk.no\/sandvika\/wp-content\/uploads\/2026\/02\/Woket-Svin-i-Sursot-Saus-min-2.jpg","type":"image\/jpeg"}],"twitter_card":"summary_large_image","twitter_misc":{"Estimated reading time":"1 minute"},"schema":{"@context":"https:\/\/schema.org","@graph":[{"@type":"WebPage","@id":"https:\/\/tuktuk.no\/sandvika\/product\/woket-svin-m-sursotsaus\/","url":"https:\/\/tuktuk.no\/sandvika\/product\/woket-svin-m-sursotsaus\/","name":"Woket Svin med Surs\u00f8t saus - TukTuk Sandvika","isPartOf":{"@id":"https:\/\/tuktuk.no\/sandvika\/#website"},"primaryImageOfPage":{"@id":"https:\/\/tuktuk.no\/sandvika\/product\/woket-svin-m-sursotsaus\/#primaryimage"},"image":{"@id":"https:\/\/tuktuk.no\/sandvika\/product\/woket-svin-m-sursotsaus\/#primaryimage"},"thumbnailUrl":"https:\/\/tuktuk.no\/sandvika\/wp-content\/uploads\/2026\/02\/Woket-Svin-i-Sursot-Saus-min-2.jpg","datePublished":"2024-02-27T09:28:57+00:00","dateModified":"2026-02-27T16:11:14+00:00","breadcrumb":{"@id":"https:\/\/tuktuk.no\/sandvika\/product\/woket-svin-m-sursotsaus\/#breadcrumb"},"inLanguage":"en-GB","potentialAction":[{"@type":"ReadAction","target":["https:\/\/tuktuk.no\/sandvika\/product\/woket-svin-m-sursotsaus\/"]}]},{"@type":"ImageObject","inLanguage":"en-GB","@id":"https:\/\/tuktuk.no\/sandvika\/product\/woket-svin-m-sursotsaus\/#primaryimage","url":"https:\/\/tuktuk.no\/sandvika\/wp-content\/uploads\/2026\/02\/Woket-Svin-i-Sursot-Saus-min-2.jpg","contentUrl":"https:\/\/tuktuk.no\/sandvika\/wp-content\/uploads\/2026\/02\/Woket-Svin-i-Sursot-Saus-min-2.jpg","width":1200,"height":800},{"@type":"BreadcrumbList","@id":"https:\/\/tuktuk.no\/sandvika\/product\/woket-svin-m-sursotsaus\/#breadcrumb","itemListElement":[{"@type":"ListItem","position":1,"name":"Products","item":"https:\/\/tuktuk.no\/sandvika\/shop\/"},{"@type":"ListItem","position":2,"name":"Woket Svin med Surs\u00f8t saus"}]},{"@type":"WebSite","@id":"https:\/\/tuktuk.no\/sandvika\/#website","url":"https:\/\/tuktuk.no\/sandvika\/","name":"TukTuk Sandvika","description":"Designs that reflect you!","publisher":{"@id":"https:\/\/tuktuk.no\/sandvika\/#organization"},"potentialAction":[{"@type":"SearchAction","target":{"@type":"EntryPoint","urlTemplate":"https:\/\/tuktuk.no\/sandvika\/?s={search_term_string}"},"query-input":{"@type":"PropertyValueSpecification","valueRequired":true,"valueName":"search_term_string"}}],"inLanguage":"en-GB"},{"@type":"Organization","@id":"https:\/\/tuktuk.no\/sandvika\/#organization","name":"TukTuk Sandvika","url":"https:\/\/tuktuk.no\/sandvika\/","logo":{"@type":"ImageObject","inLanguage":"en-GB","@id":"https:\/\/tuktuk.no\/sandvika\/#\/schema\/logo\/image\/","url":"https:\/\/tuktuk.no\/sandvika\/wp-content\/uploads\/2022\/04\/CurryHouseLogo.png","contentUrl":"https:\/\/tuktuk.no\/sandvika\/wp-content\/uploads\/2022\/04\/CurryHouseLogo.png","width":409,"height":310,"caption":"TukTuk Sandvika"},"image":{"@id":"https:\/\/tuktuk.no\/sandvika\/#\/schema\/logo\/image\/"}}]}},"_links":{"self":[{"href":"https:\/\/tuktuk.no\/sandvika\/wp-json\/wp\/v2\/product\/7167","targetHints":{"allow":["GET"]}}],"collection":[{"href":"https:\/\/tuktuk.no\/sandvika\/wp-json\/wp\/v2\/product"}],"about":[{"href":"https:\/\/tuktuk.no\/sandvika\/wp-json\/wp\/v2\/types\/product"}],"replies":[{"embeddable":true,"href":"https:\/\/tuktuk.no\/sandvika\/wp-json\/wp\/v2\/comments?post=7167"}],"wp:featuredmedia":[{"embeddable":true,"href":"https:\/\/tuktuk.no\/sandvika\/wp-json\/wp\/v2\/media\/10469"}],"wp:attachment":[{"href":"https:\/\/tuktuk.no\/sandvika\/wp-json\/wp\/v2\/media?parent=7167"}],"wp:term":[{"taxonomy":"product_brand","embeddable":true,"href":"https:\/\/tuktuk.no\/sandvika\/wp-json\/wp\/v2\/product_brand?post=7167"},{"taxonomy":"product_cat","embeddable":true,"href":"https:\/\/tuktuk.no\/sandvika\/wp-json\/wp\/v2\/product_cat?post=7167"},{"taxonomy":"product_tag","embeddable":true,"href":"https:\/\/tuktuk.no\/sandvika\/wp-json\/wp\/v2\/product_tag?post=7167"}],"curies":[{"name":"wp","href":"https:\/\/api.w.org\/{rel}","templated":true}]}}