
{"id":7010,"date":"2024-02-26T11:32:55","date_gmt":"2024-02-26T10:32:55","guid":{"rendered":"https:\/\/sandvika.tuktuk.no\/?post_type=product&#038;p=7010"},"modified":"2026-02-26T13:33:51","modified_gmt":"2026-02-26T12:33:51","slug":"ekstra-varrull","status":"publish","type":"product","link":"https:\/\/tuktuk.no\/sandvika\/product\/ekstra-varrull\/","title":{"rendered":"Ekstra V\u00e5rrull"},"content":{"rendered":"<p>Klassiske hjemmelagde v\u00e5rruller med kylling, k\u00e5l, gulrot og risnudler. Serveres med sweet chilisaus.<\/p>\n","protected":false},"excerpt":{"rendered":"<p>Klassiske hjemmelagde v\u00e5rruller med kylling, k\u00e5l, gulrot og risnudler. Serveres med sweet chilisaus.<\/p>\n","protected":false},"featured_media":10458,"comment_status":"open","ping_status":"closed","template":"","meta":{"_acf_changed":false,"_et_pb_use_builder":"","_et_pb_old_content":"","_et_gb_content_width":""},"product_brand":[],"product_cat":[214],"product_tag":[],"class_list":{"0":"post-7010","1":"product","2":"type-product","3":"status-publish","4":"has-post-thumbnail","6":"product_cat-ekstra","7":"allergy-egg","8":"allergy-gluten-av-hvete","10":"first","11":"instock","12":"taxable","13":"shipping-taxable","14":"purchasable","15":"product-type-simple"},"acf":[],"yoast_head":"<!-- This site is optimized with the Yoast SEO plugin v26.0 - https:\/\/yoast.com\/wordpress\/plugins\/seo\/ -->\n<title>Ekstra V\u00e5rrull - TukTuk Sandvika<\/title>\n<meta name=\"robots\" content=\"index, follow, max-snippet:-1, max-image-preview:large, max-video-preview:-1\" \/>\n<link rel=\"canonical\" href=\"https:\/\/tuktuk.no\/sandvika\/product\/ekstra-varrull\/\" \/>\n<meta property=\"og:locale\" content=\"en_GB\" \/>\n<meta property=\"og:type\" content=\"article\" \/>\n<meta property=\"og:title\" content=\"Ekstra V\u00e5rrull - TukTuk Sandvika\" \/>\n<meta property=\"og:description\" content=\"Klassiske hjemmelagde v\u00e5rruller med kylling, k\u00e5l, gulrot og risnudler. Serveres med sweet chilisaus.\" \/>\n<meta property=\"og:url\" content=\"https:\/\/tuktuk.no\/sandvika\/product\/ekstra-varrull\/\" \/>\n<meta property=\"og:site_name\" content=\"TukTuk Sandvika\" \/>\n<meta property=\"article:modified_time\" content=\"2026-02-26T12:33:51+00:00\" \/>\n<meta property=\"og:image\" content=\"https:\/\/tuktuk.no\/sandvika\/wp-content\/uploads\/2026\/02\/Varruller-min-2.jpg\" \/>\n\t<meta property=\"og:image:width\" content=\"1200\" \/>\n\t<meta property=\"og:image:height\" content=\"800\" \/>\n\t<meta property=\"og:image:type\" content=\"image\/jpeg\" \/>\n<meta name=\"twitter:card\" content=\"summary_large_image\" \/>\n<meta name=\"twitter:label1\" content=\"Estimated reading time\" \/>\n\t<meta name=\"twitter:data1\" content=\"1 minute\" \/>\n<script type=\"application\/ld+json\" class=\"yoast-schema-graph\">{\"@context\":\"https:\/\/schema.org\",\"@graph\":[{\"@type\":\"WebPage\",\"@id\":\"https:\/\/tuktuk.no\/sandvika\/product\/ekstra-varrull\/\",\"url\":\"https:\/\/tuktuk.no\/sandvika\/product\/ekstra-varrull\/\",\"name\":\"Ekstra V\u00e5rrull - TukTuk Sandvika\",\"isPartOf\":{\"@id\":\"https:\/\/tuktuk.no\/sandvika\/#website\"},\"primaryImageOfPage\":{\"@id\":\"https:\/\/tuktuk.no\/sandvika\/product\/ekstra-varrull\/#primaryimage\"},\"image\":{\"@id\":\"https:\/\/tuktuk.no\/sandvika\/product\/ekstra-varrull\/#primaryimage\"},\"thumbnailUrl\":\"https:\/\/tuktuk.no\/sandvika\/wp-content\/uploads\/2026\/02\/Varruller-min-2.jpg\",\"datePublished\":\"2024-02-26T10:32:55+00:00\",\"dateModified\":\"2026-02-26T12:33:51+00:00\",\"breadcrumb\":{\"@id\":\"https:\/\/tuktuk.no\/sandvika\/product\/ekstra-varrull\/#breadcrumb\"},\"inLanguage\":\"en-GB\",\"potentialAction\":[{\"@type\":\"ReadAction\",\"target\":[\"https:\/\/tuktuk.no\/sandvika\/product\/ekstra-varrull\/\"]}]},{\"@type\":\"ImageObject\",\"inLanguage\":\"en-GB\",\"@id\":\"https:\/\/tuktuk.no\/sandvika\/product\/ekstra-varrull\/#primaryimage\",\"url\":\"https:\/\/tuktuk.no\/sandvika\/wp-content\/uploads\/2026\/02\/Varruller-min-2.jpg\",\"contentUrl\":\"https:\/\/tuktuk.no\/sandvika\/wp-content\/uploads\/2026\/02\/Varruller-min-2.jpg\",\"width\":1200,\"height\":800},{\"@type\":\"BreadcrumbList\",\"@id\":\"https:\/\/tuktuk.no\/sandvika\/product\/ekstra-varrull\/#breadcrumb\",\"itemListElement\":[{\"@type\":\"ListItem\",\"position\":1,\"name\":\"Products\",\"item\":\"https:\/\/tuktuk.no\/sandvika\/shop\/\"},{\"@type\":\"ListItem\",\"position\":2,\"name\":\"Ekstra V\u00e5rrull\"}]},{\"@type\":\"WebSite\",\"@id\":\"https:\/\/tuktuk.no\/sandvika\/#website\",\"url\":\"https:\/\/tuktuk.no\/sandvika\/\",\"name\":\"TukTuk Sandvika\",\"description\":\"Designs that reflect you!\",\"publisher\":{\"@id\":\"https:\/\/tuktuk.no\/sandvika\/#organization\"},\"potentialAction\":[{\"@type\":\"SearchAction\",\"target\":{\"@type\":\"EntryPoint\",\"urlTemplate\":\"https:\/\/tuktuk.no\/sandvika\/?s={search_term_string}\"},\"query-input\":{\"@type\":\"PropertyValueSpecification\",\"valueRequired\":true,\"valueName\":\"search_term_string\"}}],\"inLanguage\":\"en-GB\"},{\"@type\":\"Organization\",\"@id\":\"https:\/\/tuktuk.no\/sandvika\/#organization\",\"name\":\"TukTuk Sandvika\",\"url\":\"https:\/\/tuktuk.no\/sandvika\/\",\"logo\":{\"@type\":\"ImageObject\",\"inLanguage\":\"en-GB\",\"@id\":\"https:\/\/tuktuk.no\/sandvika\/#\/schema\/logo\/image\/\",\"url\":\"https:\/\/tuktuk.no\/sandvika\/wp-content\/uploads\/2022\/04\/CurryHouseLogo.png\",\"contentUrl\":\"https:\/\/tuktuk.no\/sandvika\/wp-content\/uploads\/2022\/04\/CurryHouseLogo.png\",\"width\":409,\"height\":310,\"caption\":\"TukTuk Sandvika\"},\"image\":{\"@id\":\"https:\/\/tuktuk.no\/sandvika\/#\/schema\/logo\/image\/\"}}]}<\/script>\n<!-- \/ Yoast SEO plugin. -->","yoast_head_json":{"title":"Ekstra V\u00e5rrull - TukTuk Sandvika","robots":{"index":"index","follow":"follow","max-snippet":"max-snippet:-1","max-image-preview":"max-image-preview:large","max-video-preview":"max-video-preview:-1"},"canonical":"https:\/\/tuktuk.no\/sandvika\/product\/ekstra-varrull\/","og_locale":"en_GB","og_type":"article","og_title":"Ekstra V\u00e5rrull - TukTuk Sandvika","og_description":"Klassiske hjemmelagde v\u00e5rruller med kylling, k\u00e5l, gulrot og risnudler. Serveres med sweet chilisaus.","og_url":"https:\/\/tuktuk.no\/sandvika\/product\/ekstra-varrull\/","og_site_name":"TukTuk Sandvika","article_modified_time":"2026-02-26T12:33:51+00:00","og_image":[{"width":1200,"height":800,"url":"https:\/\/tuktuk.no\/sandvika\/wp-content\/uploads\/2026\/02\/Varruller-min-2.jpg","type":"image\/jpeg"}],"twitter_card":"summary_large_image","twitter_misc":{"Estimated reading time":"1 minute"},"schema":{"@context":"https:\/\/schema.org","@graph":[{"@type":"WebPage","@id":"https:\/\/tuktuk.no\/sandvika\/product\/ekstra-varrull\/","url":"https:\/\/tuktuk.no\/sandvika\/product\/ekstra-varrull\/","name":"Ekstra V\u00e5rrull - TukTuk Sandvika","isPartOf":{"@id":"https:\/\/tuktuk.no\/sandvika\/#website"},"primaryImageOfPage":{"@id":"https:\/\/tuktuk.no\/sandvika\/product\/ekstra-varrull\/#primaryimage"},"image":{"@id":"https:\/\/tuktuk.no\/sandvika\/product\/ekstra-varrull\/#primaryimage"},"thumbnailUrl":"https:\/\/tuktuk.no\/sandvika\/wp-content\/uploads\/2026\/02\/Varruller-min-2.jpg","datePublished":"2024-02-26T10:32:55+00:00","dateModified":"2026-02-26T12:33:51+00:00","breadcrumb":{"@id":"https:\/\/tuktuk.no\/sandvika\/product\/ekstra-varrull\/#breadcrumb"},"inLanguage":"en-GB","potentialAction":[{"@type":"ReadAction","target":["https:\/\/tuktuk.no\/sandvika\/product\/ekstra-varrull\/"]}]},{"@type":"ImageObject","inLanguage":"en-GB","@id":"https:\/\/tuktuk.no\/sandvika\/product\/ekstra-varrull\/#primaryimage","url":"https:\/\/tuktuk.no\/sandvika\/wp-content\/uploads\/2026\/02\/Varruller-min-2.jpg","contentUrl":"https:\/\/tuktuk.no\/sandvika\/wp-content\/uploads\/2026\/02\/Varruller-min-2.jpg","width":1200,"height":800},{"@type":"BreadcrumbList","@id":"https:\/\/tuktuk.no\/sandvika\/product\/ekstra-varrull\/#breadcrumb","itemListElement":[{"@type":"ListItem","position":1,"name":"Products","item":"https:\/\/tuktuk.no\/sandvika\/shop\/"},{"@type":"ListItem","position":2,"name":"Ekstra V\u00e5rrull"}]},{"@type":"WebSite","@id":"https:\/\/tuktuk.no\/sandvika\/#website","url":"https:\/\/tuktuk.no\/sandvika\/","name":"TukTuk Sandvika","description":"Designs that reflect you!","publisher":{"@id":"https:\/\/tuktuk.no\/sandvika\/#organization"},"potentialAction":[{"@type":"SearchAction","target":{"@type":"EntryPoint","urlTemplate":"https:\/\/tuktuk.no\/sandvika\/?s={search_term_string}"},"query-input":{"@type":"PropertyValueSpecification","valueRequired":true,"valueName":"search_term_string"}}],"inLanguage":"en-GB"},{"@type":"Organization","@id":"https:\/\/tuktuk.no\/sandvika\/#organization","name":"TukTuk Sandvika","url":"https:\/\/tuktuk.no\/sandvika\/","logo":{"@type":"ImageObject","inLanguage":"en-GB","@id":"https:\/\/tuktuk.no\/sandvika\/#\/schema\/logo\/image\/","url":"https:\/\/tuktuk.no\/sandvika\/wp-content\/uploads\/2022\/04\/CurryHouseLogo.png","contentUrl":"https:\/\/tuktuk.no\/sandvika\/wp-content\/uploads\/2022\/04\/CurryHouseLogo.png","width":409,"height":310,"caption":"TukTuk Sandvika"},"image":{"@id":"https:\/\/tuktuk.no\/sandvika\/#\/schema\/logo\/image\/"}}]}},"_links":{"self":[{"href":"https:\/\/tuktuk.no\/sandvika\/wp-json\/wp\/v2\/product\/7010","targetHints":{"allow":["GET"]}}],"collection":[{"href":"https:\/\/tuktuk.no\/sandvika\/wp-json\/wp\/v2\/product"}],"about":[{"href":"https:\/\/tuktuk.no\/sandvika\/wp-json\/wp\/v2\/types\/product"}],"replies":[{"embeddable":true,"href":"https:\/\/tuktuk.no\/sandvika\/wp-json\/wp\/v2\/comments?post=7010"}],"wp:featuredmedia":[{"embeddable":true,"href":"https:\/\/tuktuk.no\/sandvika\/wp-json\/wp\/v2\/media\/10458"}],"wp:attachment":[{"href":"https:\/\/tuktuk.no\/sandvika\/wp-json\/wp\/v2\/media?parent=7010"}],"wp:term":[{"taxonomy":"product_brand","embeddable":true,"href":"https:\/\/tuktuk.no\/sandvika\/wp-json\/wp\/v2\/product_brand?post=7010"},{"taxonomy":"product_cat","embeddable":true,"href":"https:\/\/tuktuk.no\/sandvika\/wp-json\/wp\/v2\/product_cat?post=7010"},{"taxonomy":"product_tag","embeddable":true,"href":"https:\/\/tuktuk.no\/sandvika\/wp-json\/wp\/v2\/product_tag?post=7010"}],"curies":[{"name":"wp","href":"https:\/\/api.w.org\/{rel}","templated":true}]}}