
{"id":10493,"date":"2026-02-27T10:48:32","date_gmt":"2026-02-27T09:48:32","guid":{"rendered":"https:\/\/tuktuk.no\/sandvika\/?post_type=product&#038;p=10493"},"modified":"2026-03-17T20:28:43","modified_gmt":"2026-03-17T19:28:43","slug":"larb-moo-gai-kjottdeigsalat","status":"publish","type":"product","link":"https:\/\/tuktuk.no\/sandvika\/product\/larb-moo-gai-kjottdeigsalat\/","title":{"rendered":"Larb Moo\/Gai"},"content":{"rendered":"<p>Larb Moo\/Gai er en aromatisk kj\u00f8ttdeigsalat, med frisk mynte, koriander, v\u00e5rl\u00f8k og r\u00f8dl\u00f8k. Serveres med agurkskiver, k\u00e5l og ris.<\/p>\n","protected":false},"excerpt":{"rendered":"<p>Larb Moo\/Gai er en aromatisk kj\u00f8ttdeigsalat, med frisk mynte, koriander, v\u00e5rl\u00f8k og r\u00f8dl\u00f8k. Serveres med agurkskiver, k\u00e5l og ris.<\/p>\n","protected":false},"featured_media":10498,"comment_status":"open","ping_status":"closed","template":"","meta":{"_acf_changed":false,"_et_pb_use_builder":"","_et_pb_old_content":"","_et_gb_content_width":""},"product_brand":[],"product_cat":[217],"product_tag":[],"class_list":{"0":"post-10493","1":"product","2":"type-product","3":"status-publish","4":"has-post-thumbnail","6":"product_cat-thai-salater","7":"allergy-fisk-fiskesaus","9":"first","10":"instock","11":"taxable","12":"shipping-taxable","13":"purchasable","14":"product-type-variable","15":"has-default-attributes"},"acf":[],"yoast_head":"<!-- This site is optimized with the Yoast SEO plugin v26.0 - https:\/\/yoast.com\/wordpress\/plugins\/seo\/ -->\n<title>Larb Moo\/Gai - TukTuk Sandvika<\/title>\n<meta name=\"description\" content=\"Frisk og smakfull thailandsk kj\u00f8ttdeigsalat med frisk mynte, koriander, v\u00e5rl\u00f8k og r\u00f8dl\u00f8k. Serveres med agurkskiver, k\u00e5l og ris.\" \/>\n<meta name=\"robots\" content=\"index, follow, max-snippet:-1, max-image-preview:large, max-video-preview:-1\" \/>\n<link rel=\"canonical\" href=\"https:\/\/tuktuk.no\/sandvika\/product\/larb-moo-gai-kjottdeigsalat\/\" \/>\n<meta property=\"og:locale\" content=\"en_GB\" \/>\n<meta property=\"og:type\" content=\"article\" \/>\n<meta property=\"og:title\" content=\"Larb Moo\/Gai - TukTuk Sandvika\" \/>\n<meta property=\"og:description\" content=\"Frisk og smakfull thailandsk kj\u00f8ttdeigsalat med frisk mynte, koriander, v\u00e5rl\u00f8k og r\u00f8dl\u00f8k. Serveres med agurkskiver, k\u00e5l og ris.\" \/>\n<meta property=\"og:url\" content=\"https:\/\/tuktuk.no\/sandvika\/product\/larb-moo-gai-kjottdeigsalat\/\" \/>\n<meta property=\"og:site_name\" content=\"TukTuk Sandvika\" \/>\n<meta property=\"article:modified_time\" content=\"2026-03-17T19:28:43+00:00\" \/>\n<meta property=\"og:image\" content=\"https:\/\/tuktuk.no\/sandvika\/wp-content\/uploads\/2026\/02\/shared-image.jpg\" \/>\n\t<meta property=\"og:image:width\" content=\"1023\" \/>\n\t<meta property=\"og:image:height\" content=\"798\" \/>\n\t<meta property=\"og:image:type\" content=\"image\/jpeg\" \/>\n<meta name=\"twitter:card\" content=\"summary_large_image\" \/>\n<meta name=\"twitter:label1\" content=\"Estimated reading time\" \/>\n\t<meta name=\"twitter:data1\" content=\"1 minute\" \/>\n<script type=\"application\/ld+json\" class=\"yoast-schema-graph\">{\"@context\":\"https:\/\/schema.org\",\"@graph\":[{\"@type\":\"WebPage\",\"@id\":\"https:\/\/tuktuk.no\/sandvika\/product\/larb-moo-gai-kjottdeigsalat\/\",\"url\":\"https:\/\/tuktuk.no\/sandvika\/product\/larb-moo-gai-kjottdeigsalat\/\",\"name\":\"Larb Moo\/Gai - TukTuk Sandvika\",\"isPartOf\":{\"@id\":\"https:\/\/tuktuk.no\/sandvika\/#website\"},\"primaryImageOfPage\":{\"@id\":\"https:\/\/tuktuk.no\/sandvika\/product\/larb-moo-gai-kjottdeigsalat\/#primaryimage\"},\"image\":{\"@id\":\"https:\/\/tuktuk.no\/sandvika\/product\/larb-moo-gai-kjottdeigsalat\/#primaryimage\"},\"thumbnailUrl\":\"https:\/\/tuktuk.no\/sandvika\/wp-content\/uploads\/2026\/02\/shared-image.jpg\",\"datePublished\":\"2026-02-27T09:48:32+00:00\",\"dateModified\":\"2026-03-17T19:28:43+00:00\",\"description\":\"Frisk og smakfull thailandsk kj\u00f8ttdeigsalat med frisk mynte, koriander, v\u00e5rl\u00f8k og r\u00f8dl\u00f8k. Serveres med agurkskiver, k\u00e5l og ris.\",\"breadcrumb\":{\"@id\":\"https:\/\/tuktuk.no\/sandvika\/product\/larb-moo-gai-kjottdeigsalat\/#breadcrumb\"},\"inLanguage\":\"en-GB\",\"potentialAction\":[{\"@type\":\"ReadAction\",\"target\":[\"https:\/\/tuktuk.no\/sandvika\/product\/larb-moo-gai-kjottdeigsalat\/\"]}]},{\"@type\":\"ImageObject\",\"inLanguage\":\"en-GB\",\"@id\":\"https:\/\/tuktuk.no\/sandvika\/product\/larb-moo-gai-kjottdeigsalat\/#primaryimage\",\"url\":\"https:\/\/tuktuk.no\/sandvika\/wp-content\/uploads\/2026\/02\/shared-image.jpg\",\"contentUrl\":\"https:\/\/tuktuk.no\/sandvika\/wp-content\/uploads\/2026\/02\/shared-image.jpg\",\"width\":1023,\"height\":798},{\"@type\":\"BreadcrumbList\",\"@id\":\"https:\/\/tuktuk.no\/sandvika\/product\/larb-moo-gai-kjottdeigsalat\/#breadcrumb\",\"itemListElement\":[{\"@type\":\"ListItem\",\"position\":1,\"name\":\"Products\",\"item\":\"https:\/\/tuktuk.no\/sandvika\/shop\/\"},{\"@type\":\"ListItem\",\"position\":2,\"name\":\"Larb Moo\/Gai\"}]},{\"@type\":\"WebSite\",\"@id\":\"https:\/\/tuktuk.no\/sandvika\/#website\",\"url\":\"https:\/\/tuktuk.no\/sandvika\/\",\"name\":\"TukTuk Sandvika\",\"description\":\"Designs that reflect you!\",\"publisher\":{\"@id\":\"https:\/\/tuktuk.no\/sandvika\/#organization\"},\"potentialAction\":[{\"@type\":\"SearchAction\",\"target\":{\"@type\":\"EntryPoint\",\"urlTemplate\":\"https:\/\/tuktuk.no\/sandvika\/?s={search_term_string}\"},\"query-input\":{\"@type\":\"PropertyValueSpecification\",\"valueRequired\":true,\"valueName\":\"search_term_string\"}}],\"inLanguage\":\"en-GB\"},{\"@type\":\"Organization\",\"@id\":\"https:\/\/tuktuk.no\/sandvika\/#organization\",\"name\":\"TukTuk Sandvika\",\"url\":\"https:\/\/tuktuk.no\/sandvika\/\",\"logo\":{\"@type\":\"ImageObject\",\"inLanguage\":\"en-GB\",\"@id\":\"https:\/\/tuktuk.no\/sandvika\/#\/schema\/logo\/image\/\",\"url\":\"https:\/\/tuktuk.no\/sandvika\/wp-content\/uploads\/2022\/04\/CurryHouseLogo.png\",\"contentUrl\":\"https:\/\/tuktuk.no\/sandvika\/wp-content\/uploads\/2022\/04\/CurryHouseLogo.png\",\"width\":409,\"height\":310,\"caption\":\"TukTuk Sandvika\"},\"image\":{\"@id\":\"https:\/\/tuktuk.no\/sandvika\/#\/schema\/logo\/image\/\"}}]}<\/script>\n<!-- \/ Yoast SEO plugin. -->","yoast_head_json":{"title":"Larb Moo\/Gai - TukTuk Sandvika","description":"Frisk og smakfull thailandsk kj\u00f8ttdeigsalat med frisk mynte, koriander, v\u00e5rl\u00f8k og r\u00f8dl\u00f8k. Serveres med agurkskiver, k\u00e5l og ris.","robots":{"index":"index","follow":"follow","max-snippet":"max-snippet:-1","max-image-preview":"max-image-preview:large","max-video-preview":"max-video-preview:-1"},"canonical":"https:\/\/tuktuk.no\/sandvika\/product\/larb-moo-gai-kjottdeigsalat\/","og_locale":"en_GB","og_type":"article","og_title":"Larb Moo\/Gai - TukTuk Sandvika","og_description":"Frisk og smakfull thailandsk kj\u00f8ttdeigsalat med frisk mynte, koriander, v\u00e5rl\u00f8k og r\u00f8dl\u00f8k. Serveres med agurkskiver, k\u00e5l og ris.","og_url":"https:\/\/tuktuk.no\/sandvika\/product\/larb-moo-gai-kjottdeigsalat\/","og_site_name":"TukTuk Sandvika","article_modified_time":"2026-03-17T19:28:43+00:00","og_image":[{"width":1023,"height":798,"url":"https:\/\/tuktuk.no\/sandvika\/wp-content\/uploads\/2026\/02\/shared-image.jpg","type":"image\/jpeg"}],"twitter_card":"summary_large_image","twitter_misc":{"Estimated reading time":"1 minute"},"schema":{"@context":"https:\/\/schema.org","@graph":[{"@type":"WebPage","@id":"https:\/\/tuktuk.no\/sandvika\/product\/larb-moo-gai-kjottdeigsalat\/","url":"https:\/\/tuktuk.no\/sandvika\/product\/larb-moo-gai-kjottdeigsalat\/","name":"Larb Moo\/Gai - TukTuk Sandvika","isPartOf":{"@id":"https:\/\/tuktuk.no\/sandvika\/#website"},"primaryImageOfPage":{"@id":"https:\/\/tuktuk.no\/sandvika\/product\/larb-moo-gai-kjottdeigsalat\/#primaryimage"},"image":{"@id":"https:\/\/tuktuk.no\/sandvika\/product\/larb-moo-gai-kjottdeigsalat\/#primaryimage"},"thumbnailUrl":"https:\/\/tuktuk.no\/sandvika\/wp-content\/uploads\/2026\/02\/shared-image.jpg","datePublished":"2026-02-27T09:48:32+00:00","dateModified":"2026-03-17T19:28:43+00:00","description":"Frisk og smakfull thailandsk kj\u00f8ttdeigsalat med frisk mynte, koriander, v\u00e5rl\u00f8k og r\u00f8dl\u00f8k. Serveres med agurkskiver, k\u00e5l og ris.","breadcrumb":{"@id":"https:\/\/tuktuk.no\/sandvika\/product\/larb-moo-gai-kjottdeigsalat\/#breadcrumb"},"inLanguage":"en-GB","potentialAction":[{"@type":"ReadAction","target":["https:\/\/tuktuk.no\/sandvika\/product\/larb-moo-gai-kjottdeigsalat\/"]}]},{"@type":"ImageObject","inLanguage":"en-GB","@id":"https:\/\/tuktuk.no\/sandvika\/product\/larb-moo-gai-kjottdeigsalat\/#primaryimage","url":"https:\/\/tuktuk.no\/sandvika\/wp-content\/uploads\/2026\/02\/shared-image.jpg","contentUrl":"https:\/\/tuktuk.no\/sandvika\/wp-content\/uploads\/2026\/02\/shared-image.jpg","width":1023,"height":798},{"@type":"BreadcrumbList","@id":"https:\/\/tuktuk.no\/sandvika\/product\/larb-moo-gai-kjottdeigsalat\/#breadcrumb","itemListElement":[{"@type":"ListItem","position":1,"name":"Products","item":"https:\/\/tuktuk.no\/sandvika\/shop\/"},{"@type":"ListItem","position":2,"name":"Larb Moo\/Gai"}]},{"@type":"WebSite","@id":"https:\/\/tuktuk.no\/sandvika\/#website","url":"https:\/\/tuktuk.no\/sandvika\/","name":"TukTuk Sandvika","description":"Designs that reflect you!","publisher":{"@id":"https:\/\/tuktuk.no\/sandvika\/#organization"},"potentialAction":[{"@type":"SearchAction","target":{"@type":"EntryPoint","urlTemplate":"https:\/\/tuktuk.no\/sandvika\/?s={search_term_string}"},"query-input":{"@type":"PropertyValueSpecification","valueRequired":true,"valueName":"search_term_string"}}],"inLanguage":"en-GB"},{"@type":"Organization","@id":"https:\/\/tuktuk.no\/sandvika\/#organization","name":"TukTuk Sandvika","url":"https:\/\/tuktuk.no\/sandvika\/","logo":{"@type":"ImageObject","inLanguage":"en-GB","@id":"https:\/\/tuktuk.no\/sandvika\/#\/schema\/logo\/image\/","url":"https:\/\/tuktuk.no\/sandvika\/wp-content\/uploads\/2022\/04\/CurryHouseLogo.png","contentUrl":"https:\/\/tuktuk.no\/sandvika\/wp-content\/uploads\/2022\/04\/CurryHouseLogo.png","width":409,"height":310,"caption":"TukTuk Sandvika"},"image":{"@id":"https:\/\/tuktuk.no\/sandvika\/#\/schema\/logo\/image\/"}}]}},"_links":{"self":[{"href":"https:\/\/tuktuk.no\/sandvika\/wp-json\/wp\/v2\/product\/10493","targetHints":{"allow":["GET"]}}],"collection":[{"href":"https:\/\/tuktuk.no\/sandvika\/wp-json\/wp\/v2\/product"}],"about":[{"href":"https:\/\/tuktuk.no\/sandvika\/wp-json\/wp\/v2\/types\/product"}],"replies":[{"embeddable":true,"href":"https:\/\/tuktuk.no\/sandvika\/wp-json\/wp\/v2\/comments?post=10493"}],"wp:featuredmedia":[{"embeddable":true,"href":"https:\/\/tuktuk.no\/sandvika\/wp-json\/wp\/v2\/media\/10498"}],"wp:attachment":[{"href":"https:\/\/tuktuk.no\/sandvika\/wp-json\/wp\/v2\/media?parent=10493"}],"wp:term":[{"taxonomy":"product_brand","embeddable":true,"href":"https:\/\/tuktuk.no\/sandvika\/wp-json\/wp\/v2\/product_brand?post=10493"},{"taxonomy":"product_cat","embeddable":true,"href":"https:\/\/tuktuk.no\/sandvika\/wp-json\/wp\/v2\/product_cat?post=10493"},{"taxonomy":"product_tag","embeddable":true,"href":"https:\/\/tuktuk.no\/sandvika\/wp-json\/wp\/v2\/product_tag?post=10493"}],"curies":[{"name":"wp","href":"https:\/\/api.w.org\/{rel}","templated":true}]}}