
{"id":6821,"date":"2024-02-23T19:36:11","date_gmt":"2024-02-23T18:36:11","guid":{"rendered":"https:\/\/sandvika.tuktuk.no\/?page_id=6821"},"modified":"2024-07-11T09:26:04","modified_gmt":"2024-07-11T07:26:04","slug":"bedriftsavtale","status":"publish","type":"page","link":"https:\/\/tuktuk.no\/sandvika\/bedriftsavtale\/","title":{"rendered":"Bedriftsavtale"},"content":{"rendered":"<p>[et_pb_section fb_built=&#8221;1&#8243; admin_label=&#8221;Header&#8221; _builder_version=&#8221;4.20.4&#8243; _module_preset=&#8221;default&#8221; use_background_color_gradient=&#8221;on&#8221; background_color_gradient_direction=&#8221;127deg&#8221; background_color_gradient_stops=&#8221;#000000 0%|rgba(0,0,0,0.13) 75%&#8221; background_color_gradient_overlays_image=&#8221;on&#8221; background_color_gradient_start=&#8221;#000000&#8243; background_color_gradient_end=&#8221;rgba(0,0,0,0.13)&#8221; background_color_gradient_end_position=&#8221;50%&#8221; background_image=&#8221;https:\/\/examples.restaurant\/wp-content\/uploads\/2023\/05\/tuk-tuk-hero.jpg&#8221; parallax=&#8221;on&#8221; custom_padding=&#8221;10vw||10vw||true|false&#8221; background_last_edited=&#8221;on|tablet&#8221; use_background_color_gradient_tablet=&#8221;on&#8221; background_color_gradient_direction_tablet=&#8221;0deg&#8221; background_color_gradient_stops_tablet=&#8221;#000000 0%|rgba(0,0,0,0) 100%&#8221; background_color_gradient_overlays_image_tablet=&#8221;on&#8221; background_color_gradient_start_tablet=&#8221;#000000&#8243; background_color_gradient_end_tablet=&#8221;rgba(0,0,0,0)&#8221; background_color_gradient_end_position_tablet=&#8221;100%&#8221; locked=&#8221;off&#8221; global_colors_info=&#8221;{}&#8221;][et_pb_row _builder_version=&#8221;4.16&#8243; _module_preset=&#8221;default&#8221; global_colors_info=&#8221;{}&#8221;][et_pb_column type=&#8221;4_4&#8243; _builder_version=&#8221;4.16&#8243; _module_preset=&#8221;default&#8221; z_index=&#8221;10&#8243; global_colors_info=&#8221;{}&#8221;][et_pb_text content_tablet=&#8221;<\/p>\n<h2>Er du sulten p\u00e5 noe godt?<\/h2>\n<h3>Autentisk mat fra det thailandske kj\u00f8kken<\/h3>\n<p>Velg din restaurant:<\/p>\n<p>&#8221; content_phone=&#8221;<\/p>\n<h2 style=%22text-align: center;%22>Er du sulten p\u00e5 noe godt?<\/h2>\n<h3 style=%22text-align: center;%22>Autentisk mat fra det thailandske kj\u00f8kken<\/h3>\n<p style=%22text-align: center;%22>Velg din restaurant:<\/p>\n<p>&#8221; content_last_edited=&#8221;on|phone&#8221; _builder_version=&#8221;4.24.2&#8243; _module_preset=&#8221;default&#8221; text_font=&#8221;Abhaya Libre||||||||&#8221; text_font_size=&#8221;18px&#8221; text_line_height=&#8221;1.8em&#8221; header_2_font=&#8221;Euphoria Script||||||||&#8221; header_2_font_size=&#8221;50px&#8221; header_3_font=&#8221;Roboto Condensed||||||||&#8221; header_3_font_size=&#8221;80px&#8221; header_3_letter_spacing=&#8221;1px&#8221; header_3_line_height=&#8221;1.1em&#8221; background_layout=&#8221;dark&#8221; max_width=&#8221;800px&#8221; custom_margin=&#8221;0px||||false|false&#8221; text_font_size_tablet=&#8221;&#8221; text_font_size_phone=&#8221;16px&#8221; text_font_size_last_edited=&#8221;on|phone&#8221; header_2_font_size_tablet=&#8221;50px&#8221; header_2_font_size_phone=&#8221;32px&#8221; header_2_font_size_last_edited=&#8221;on|phone&#8221; header_3_font_tablet=&#8221;Roboto Condensed||||||||&#8221; header_3_font_phone=&#8221;Roboto Condensed||||||||&#8221; header_3_font_last_edited=&#8221;on|desktop&#8221; header_3_font_size_tablet=&#8221;60px&#8221; header_3_font_size_phone=&#8221;40px&#8221; header_3_font_size_last_edited=&#8221;on|desktop&#8221; global_colors_info=&#8221;{}&#8221;]<\/p>\n<h2>Nyt et godt m\u00e5ltid p\u00e5 arbeidsplassen<\/h2>\n<h3>Bedriftsavtale<\/h3>\n<p>[\/et_pb_text][et_pb_button button_url=&#8221;https:\/\/tuktuk.no\/sandvika\/kontakt\/&#8221; button_text=&#8221;Kontakt oss&#8221; button_alignment_tablet=&#8221;&#8221; button_alignment_phone=&#8221;center&#8221; button_alignment_last_edited=&#8221;on|phone&#8221; _builder_version=&#8221;4.24.2&#8243; _module_preset=&#8221;default&#8221; custom_button=&#8221;on&#8221; button_text_size=&#8221;16px&#8221; button_text_color=&#8221;#222222&#8243; button_bg_color=&#8221;#f35052&#8243; button_border_width=&#8221;0px&#8221; button_border_radius=&#8221;0px&#8221; button_font=&#8221;|700|||||||&#8221; custom_padding=&#8221;15px|60px|15px|60px|true|true&#8221; global_colors_info=&#8221;{}&#8221;][\/et_pb_button][\/et_pb_column][\/et_pb_row][\/et_pb_section][et_pb_section fb_built=&#8221;1&#8243; _builder_version=&#8221;4.20.4&#8243; _module_preset=&#8221;default&#8221; background_color=&#8221;#0a0a0a&#8221; positioning=&#8221;none&#8221; position_origin_a=&#8221;bottom_center&#8221; custom_margin=&#8221;0px||0px||false|false&#8221; custom_padding=&#8221;0px||0px||false|false&#8221; global_colors_info=&#8221;{}&#8221;][et_pb_row _builder_version=&#8221;4.20.4&#8243; _module_preset=&#8221;default&#8221; global_colors_info=&#8221;{}&#8221;][et_pb_column type=&#8221;4_4&#8243; _builder_version=&#8221;4.20.4&#8243; _module_preset=&#8221;default&#8221; global_colors_info=&#8221;{}&#8221;][et_pb_button button_text=&#8221;900 300 14&#8243; button_alignment=&#8221;center&#8221; module_id=&#8221;phone-number&#8221; _builder_version=&#8221;4.26.0&#8243; _module_preset=&#8221;default&#8221; custom_button=&#8221;on&#8221; button_text_size=&#8221;20px&#8221; button_text_color=&#8221;#f35052&#8243; button_border_width=&#8221;0px&#8221; button_border_radius=&#8221;0px&#8221; button_font=&#8221;|700|||||||&#8221; button_icon=&#8221;&#xe090;||divi||400&#8243; button_icon_placement=&#8221;left&#8221; button_on_hover=&#8221;off&#8221; custom_padding=&#8221;15px|60px|15px|60px|true|true&#8221; hover_enabled=&#8221;0&#8243; global_colors_info=&#8221;{}&#8221; button_url=&#8221;tel:+4790030014&#8243; sticky_enabled=&#8221;0&#8243;][\/et_pb_button][\/et_pb_column][\/et_pb_row][\/et_pb_section][et_pb_section fb_built=&#8221;1&#8243; admin_label=&#8221;Call To Action&#8221; _builder_version=&#8221;4.20.4&#8243; _module_preset=&#8221;default&#8221; use_background_color_gradient=&#8221;on&#8221; background_color_gradient_stops=&#8221;#000000 0%|rgba(0,0,0,0.38) 100%&#8221; background_color_gradient_overlays_image=&#8221;on&#8221; background_color_gradient_start=&#8221;#000000&#8243; background_color_gradient_end=&#8221;rgba(0,0,0,0.38)&#8221; background_image=&#8221;https:\/\/examples.restaurant\/wp-content\/uploads\/2023\/05\/GrnnKarri.jpg&#8221; parallax=&#8221;on&#8221; custom_padding=&#8221;7vw||7vw||true|false&#8221; global_colors_info=&#8221;{}&#8221;][et_pb_row _builder_version=&#8221;4.16&#8243; _module_preset=&#8221;default&#8221; global_colors_info=&#8221;{}&#8221;][et_pb_column type=&#8221;4_4&#8243; _builder_version=&#8221;4.16&#8243; _module_preset=&#8221;default&#8221; global_colors_info=&#8221;{}&#8221;][et_pb_text _builder_version=&#8221;4.24.2&#8243; _module_preset=&#8221;default&#8221; text_font_size=&#8221;17px&#8221; text_letter_spacing=&#8221;1px&#8221; text_line_height=&#8221;1.8em&#8221; header_3_font=&#8221;Poiret One|700||on|||||&#8221; header_3_font_size=&#8221;36px&#8221; header_3_letter_spacing=&#8221;0.1em&#8221; header_3_line_height=&#8221;1.2em&#8221; text_orientation=&#8221;center&#8221; background_layout=&#8221;dark&#8221; header_3_font_size_tablet=&#8221;28px&#8221; header_3_font_size_phone=&#8221;20px&#8221; header_3_font_size_last_edited=&#8221;on|desktop&#8221; locked=&#8221;off&#8221; global_colors_info=&#8221;{}&#8221;]<\/p>\n<h3>Vi skreddersyr din meny<\/h3>\n<p>\u00d8nsker du \u00e5 gi dine ansatte muligheten til \u00e5 nyte god og n\u00e6ringsrik thailandsk mat i en hektisk arbeidshverdag med faste avtaler om:<\/p>\n<p>1. Lunsj<\/p>\n<p>2. Middag<\/p>\n<p>3. Overtidsmat<\/p>\n<p>4. Arrangementer<\/p>\n<p>[\/et_pb_text][\/et_pb_column][\/et_pb_row][\/et_pb_section][et_pb_section fb_built=&#8221;1&#8243; admin_label=&#8221;How it Works&#8221; _builder_version=&#8221;4.20.4&#8243; _module_preset=&#8221;default&#8221; background_color=&#8221;#08080a&#8221; background_enable_image=&#8221;off&#8221; z_index=&#8221;10&#8243; custom_padding=&#8221;||100px|||&#8221; global_colors_info=&#8221;{}&#8221;][et_pb_row column_structure=&#8221;1_2,1_2&#8243; _builder_version=&#8221;4.16&#8243; _module_preset=&#8221;default&#8221; global_colors_info=&#8221;{}&#8221;][et_pb_column type=&#8221;1_2&#8243; _builder_version=&#8221;4.16&#8243; _module_preset=&#8221;default&#8221; global_colors_info=&#8221;{}&#8221;][et_pb_text _builder_version=&#8221;4.24.2&#8243; _module_preset=&#8221;default&#8221; text_font_size=&#8221;16px&#8221; text_letter_spacing=&#8221;1px&#8221; text_line_height=&#8221;1.9em&#8221; header_3_font=&#8221;Poiret One|700||on|||||&#8221; header_3_font_size=&#8221;36px&#8221; header_3_letter_spacing=&#8221;0.1em&#8221; header_3_line_height=&#8221;1.2em&#8221; header_4_font_size=&#8221;24px&#8221; header_4_line_height=&#8221;1.5em&#8221; text_orientation=&#8221;center&#8221; background_layout=&#8221;dark&#8221; header_3_font_size_tablet=&#8221;28px&#8221; header_3_font_size_phone=&#8221;20px&#8221; header_3_font_size_last_edited=&#8221;on|desktop&#8221; locked=&#8221;off&#8221; global_colors_info=&#8221;{}&#8221;]<\/p>\n<h4 style=\"text-align: left;\">Send oss gjerne en foresp\u00f8rsel<\/h4>\n<p style=\"text-align: left;\">Fortell oss gjerne litt om omfanget av avtalen du er interessert i, s\u00e5 blir det lettere for oss \u00e5 gi deg et tilbud du blir forn\u00f8yd med.<\/p>\n<p>[\/et_pb_text][\/et_pb_column][et_pb_column type=&#8221;1_2&#8243; _builder_version=&#8221;4.16&#8243; _module_preset=&#8221;default&#8221; global_colors_info=&#8221;{}&#8221;][et_pb_contact_form captcha=&#8221;off&#8221; _builder_version=&#8221;4.24.2&#8243; _module_preset=&#8221;default&#8221; _unique_id=&#8221;2ff322df-b92d-4621-998b-a185b0846b90&#8243; custom_button=&#8221;on&#8221; button_text_color=&#8221;#ffffff&#8221; button_bg_color=&#8221;#f35052&#8243; button_border_width=&#8221;0px&#8221; button_use_icon=&#8221;off&#8221; global_colors_info=&#8221;{}&#8221;][et_pb_contact_field field_id=&#8221;ditt_navn&#8221; field_title=&#8221;Ditt navn&#8221; fullwidth_field=&#8221;on&#8221; _builder_version=&#8221;4.24.2&#8243; _module_preset=&#8221;default&#8221; global_colors_info=&#8221;{}&#8221;][\/et_pb_contact_field][et_pb_contact_field field_id=&#8221;email&#8221; field_title=&#8221;Din e-postadresse&#8221; field_type=&#8221;email&#8221; _builder_version=&#8221;4.24.2&#8243; global_colors_info=&#8221;{}&#8221; button_text_size__hover_enabled=&#8221;off&#8221; button_one_text_size__hover_enabled=&#8221;off&#8221; button_two_text_size__hover_enabled=&#8221;off&#8221; button_text_color__hover_enabled=&#8221;off&#8221; button_one_text_color__hover_enabled=&#8221;off&#8221; button_two_text_color__hover_enabled=&#8221;off&#8221; button_border_width__hover_enabled=&#8221;off&#8221; button_one_border_width__hover_enabled=&#8221;off&#8221; button_two_border_width__hover_enabled=&#8221;off&#8221; button_border_color__hover_enabled=&#8221;off&#8221; button_one_border_color__hover_enabled=&#8221;off&#8221; button_two_border_color__hover_enabled=&#8221;off&#8221; button_border_radius__hover_enabled=&#8221;off&#8221; button_one_border_radius__hover_enabled=&#8221;off&#8221; button_two_border_radius__hover_enabled=&#8221;off&#8221; button_letter_spacing__hover_enabled=&#8221;off&#8221; button_one_letter_spacing__hover_enabled=&#8221;off&#8221; button_two_letter_spacing__hover_enabled=&#8221;off&#8221; button_bg_color__hover_enabled=&#8221;off&#8221; button_one_bg_color__hover_enabled=&#8221;off&#8221; button_two_bg_color__hover_enabled=&#8221;off&#8221;][\/et_pb_contact_field][et_pb_contact_field field_id=&#8221;phone&#8221; field_title=&#8221;Ditt telefonnummer&#8221; _builder_version=&#8221;4.24.2&#8243; global_colors_info=&#8221;{}&#8221; button_text_size__hover_enabled=&#8221;off&#8221; button_one_text_size__hover_enabled=&#8221;off&#8221; button_two_text_size__hover_enabled=&#8221;off&#8221; button_text_color__hover_enabled=&#8221;off&#8221; button_one_text_color__hover_enabled=&#8221;off&#8221; button_two_text_color__hover_enabled=&#8221;off&#8221; button_border_width__hover_enabled=&#8221;off&#8221; button_one_border_width__hover_enabled=&#8221;off&#8221; button_two_border_width__hover_enabled=&#8221;off&#8221; button_border_color__hover_enabled=&#8221;off&#8221; button_one_border_color__hover_enabled=&#8221;off&#8221; button_two_border_color__hover_enabled=&#8221;off&#8221; button_border_radius__hover_enabled=&#8221;off&#8221; button_one_border_radius__hover_enabled=&#8221;off&#8221; button_two_border_radius__hover_enabled=&#8221;off&#8221; button_letter_spacing__hover_enabled=&#8221;off&#8221; button_one_letter_spacing__hover_enabled=&#8221;off&#8221; button_two_letter_spacing__hover_enabled=&#8221;off&#8221; button_bg_color__hover_enabled=&#8221;off&#8221; button_one_bg_color__hover_enabled=&#8221;off&#8221; button_two_bg_color__hover_enabled=&#8221;off&#8221;][\/et_pb_contact_field][et_pb_contact_field field_id=&#8221;field_5&#8243; field_title=&#8221;Velg et alternativ&#8221; field_type=&#8221;select&#8221; select_options=&#8221;%91{%22value%22:%22Asker%22,%22checked%22:0,%22dragID%22:-1},{%22value%22:%22Sandvika%22,%22checked%22:0,%22dragID%22:0}%93&#8243; fullwidth_field=&#8221;on&#8221; _builder_version=&#8221;4.24.2&#8243; _module_preset=&#8221;default&#8221; global_colors_info=&#8221;{}&#8221;][\/et_pb_contact_field][et_pb_contact_field field_id=&#8221;message&#8221; field_title=&#8221;Din melding&#8221; field_type=&#8221;text&#8221; fullwidth_field=&#8221;on&#8221; _builder_version=&#8221;4.24.2&#8243; global_colors_info=&#8221;{}&#8221; button_text_size__hover_enabled=&#8221;off&#8221; button_one_text_size__hover_enabled=&#8221;off&#8221; button_two_text_size__hover_enabled=&#8221;off&#8221; button_text_color__hover_enabled=&#8221;off&#8221; button_one_text_color__hover_enabled=&#8221;off&#8221; button_two_text_color__hover_enabled=&#8221;off&#8221; button_border_width__hover_enabled=&#8221;off&#8221; button_one_border_width__hover_enabled=&#8221;off&#8221; button_two_border_width__hover_enabled=&#8221;off&#8221; button_border_color__hover_enabled=&#8221;off&#8221; button_one_border_color__hover_enabled=&#8221;off&#8221; button_two_border_color__hover_enabled=&#8221;off&#8221; button_border_radius__hover_enabled=&#8221;off&#8221; button_one_border_radius__hover_enabled=&#8221;off&#8221; button_two_border_radius__hover_enabled=&#8221;off&#8221; button_letter_spacing__hover_enabled=&#8221;off&#8221; button_one_letter_spacing__hover_enabled=&#8221;off&#8221; button_two_letter_spacing__hover_enabled=&#8221;off&#8221; button_bg_color__hover_enabled=&#8221;off&#8221; button_one_bg_color__hover_enabled=&#8221;off&#8221; button_two_bg_color__hover_enabled=&#8221;off&#8221;][\/et_pb_contact_field][\/et_pb_contact_form][\/et_pb_column][\/et_pb_row][\/et_pb_section][et_pb_section fb_built=&#8221;1&#8243; admin_label=&#8221;Footer&#8221; _builder_version=&#8221;4.16&#8243; _module_preset=&#8221;default&#8221; background_color=&#8221;#141a22&#8243; locked=&#8221;off&#8221; global_colors_info=&#8221;{}&#8221;][et_pb_row column_structure=&#8221;1_3,1_3,1_3&#8243; _builder_version=&#8221;4.20.4&#8243; _module_preset=&#8221;default&#8221; global_colors_info=&#8221;{}&#8221;][et_pb_column type=&#8221;1_3&#8243; _builder_version=&#8221;4.20.4&#8243; _module_preset=&#8221;default&#8221; global_colors_info=&#8221;{}&#8221;][et_pb_image src=&#8221;https:\/\/tuktuk.no\/wp-content\/uploads\/2023\/05\/TukTuklogo_970.png&#8221; title_text=&#8221;TukTuklogo_970&#8243; _builder_version=&#8221;4.20.4&#8243; _module_preset=&#8221;default&#8221; width=&#8221;75%&#8221; global_colors_info=&#8221;{}&#8221;][\/et_pb_image][et_pb_social_media_follow icon_color=&#8221;#ffffff&#8221; _builder_version=&#8221;4.16&#8243; _module_preset=&#8221;default&#8221; custom_margin=&#8221;|||-10px|false|false&#8221; global_colors_info=&#8221;{}&#8221;][et_pb_social_media_follow_network social_network=&#8221;facebook&#8221; _builder_version=&#8221;4.16&#8243; _module_preset=&#8221;default&#8221; background_enable_color=&#8221;off&#8221; global_colors_info=&#8221;{}&#8221; follow_button=&#8221;off&#8221; url_new_window=&#8221;on&#8221;]facebook[\/et_pb_social_media_follow_network][et_pb_social_media_follow_network social_network=&#8221;twitter&#8221; _builder_version=&#8221;4.16&#8243; _module_preset=&#8221;default&#8221; background_enable_color=&#8221;off&#8221; global_colors_info=&#8221;{}&#8221; follow_button=&#8221;off&#8221; url_new_window=&#8221;on&#8221;]twitter[\/et_pb_social_media_follow_network][et_pb_social_media_follow_network social_network=&#8221;youtube&#8221; _builder_version=&#8221;4.16&#8243; _module_preset=&#8221;default&#8221; background_enable_color=&#8221;off&#8221; global_colors_info=&#8221;{}&#8221; follow_button=&#8221;off&#8221; url_new_window=&#8221;on&#8221;]youtube[\/et_pb_social_media_follow_network][\/et_pb_social_media_follow][\/et_pb_column][et_pb_column type=&#8221;1_3&#8243; _builder_version=&#8221;4.20.4&#8243; _module_preset=&#8221;default&#8221; global_colors_info=&#8221;{}&#8221;][et_pb_text _builder_version=&#8221;4.25.0&#8243; _module_preset=&#8221;default&#8221; text_font=&#8221;||||||||&#8221; text_text_color=&#8221;rgba(255,255,255,0.7)&#8221; text_font_size=&#8221;16px&#8221; text_line_height=&#8221;2em&#8221; link_font=&#8221;||||||||&#8221; link_text_color=&#8221;#ffffff&#8221; link_font_size=&#8221;16px&#8221; link_line_height=&#8221;2em&#8221; header_4_font=&#8221;|700||on|||||&#8221; header_4_font_size=&#8221;14px&#8221; header_4_letter_spacing=&#8221;4px&#8221; header_4_line_height=&#8221;1.4em&#8221; background_layout=&#8221;dark&#8221; locked=&#8221;off&#8221; global_colors_info=&#8221;{}&#8221;]<\/p>\n<h4>Asker<\/h4>\n<p>Apotekerhagen 17<br \/>1383 Asker<\/p>\n<p><a href=\"tel:4790030014\">+47 90030014<\/a><br \/><a href=\"mailto:asker@tuk-tuk.no\">asker@tuk-tuk.no<\/a><br \/>Org nr: 927 102 366<br \/><a href=\"https:\/\/tuktuk.no\/asker\/terms-and-conditions\/\">Terms and Conditions<\/a><\/p>\n<p>[\/et_pb_text][\/et_pb_column][et_pb_column type=&#8221;1_3&#8243; _builder_version=&#8221;4.20.4&#8243; _module_preset=&#8221;default&#8221; global_colors_info=&#8221;{}&#8221;][et_pb_text _builder_version=&#8221;4.25.0&#8243; _module_preset=&#8221;default&#8221; text_font=&#8221;||||||||&#8221; text_text_color=&#8221;rgba(255,255,255,0.7)&#8221; text_font_size=&#8221;16px&#8221; text_line_height=&#8221;2em&#8221; link_font=&#8221;||||||||&#8221; link_text_color=&#8221;#ffffff&#8221; link_font_size=&#8221;16px&#8221; link_line_height=&#8221;2em&#8221; header_4_font=&#8221;|700||on|||||&#8221; header_4_font_size=&#8221;14px&#8221; header_4_letter_spacing=&#8221;4px&#8221; header_4_line_height=&#8221;1.4em&#8221; background_layout=&#8221;dark&#8221; locked=&#8221;off&#8221; global_colors_info=&#8221;{}&#8221;]<\/p>\n<h4>Sandvika<\/h4>\n<p>ODEON Kino<br \/>\nClaude Monts alle 25,<br \/>\n1338 Sandvika<\/p>\n<p><a href=\"tel:4790030014\">+47 90030014<\/a><br \/>\n<a href=\"mailto:sandvika@tuk-tuk.no\">sandvika@tuk-tuk.no<\/a><br \/>\nOrg nr: 916 736 576<br \/>\n<a href=\"https:\/\/tuktuk.no\/sandvika\/terms-and-conditions\/\">Terms and Conditions<\/a>[\/et_pb_text][\/et_pb_column][\/et_pb_row][\/et_pb_section]<\/p>\n","protected":false},"excerpt":{"rendered":"<p>Nyt et godt m\u00e5ltid p\u00e5 arbeidsplassen BedriftsavtaleVi skreddersyr din meny \u00d8nsker du \u00e5 gi dine ansatte muligheten til \u00e5 nyte god og n\u00e6ringsrik thailandsk mat i en hektisk arbeidshverdag med faste avtaler om: 1. Lunsj 2. Middag 3. Overtidsmat 4. ArrangementerSend oss gjerne en foresp\u00f8rsel Fortell oss gjerne litt om omfanget av avtalen du er [&hellip;]<\/p>\n","protected":false},"author":59,"featured_media":0,"parent":0,"menu_order":0,"comment_status":"closed","ping_status":"closed","template":"","meta":{"_acf_changed":false,"_et_pb_use_builder":"on","_et_pb_old_content":"","_et_gb_content_width":"","footnotes":""},"class_list":["post-6821","page","type-page","status-publish","hentry"],"acf":[],"yoast_head":"<!-- This site is optimized with the Yoast SEO plugin v26.0 - https:\/\/yoast.com\/wordpress\/plugins\/seo\/ -->\n<title>Bedriftsavtale - TukTuk Sandvika<\/title>\n<meta name=\"robots\" content=\"index, follow, max-snippet:-1, max-image-preview:large, max-video-preview:-1\" \/>\n<link rel=\"canonical\" href=\"https:\/\/tuktuk.no\/sandvika\/bedriftsavtale\/\" \/>\n<meta property=\"og:locale\" content=\"en_GB\" \/>\n<meta property=\"og:type\" content=\"article\" \/>\n<meta property=\"og:title\" content=\"Bedriftsavtale - TukTuk Sandvika\" \/>\n<meta property=\"og:description\" content=\"Nyt et godt m\u00e5ltid p\u00e5 arbeidsplassen BedriftsavtaleVi skreddersyr din meny \u00d8nsker du \u00e5 gi dine ansatte muligheten til \u00e5 nyte god og n\u00e6ringsrik thailandsk mat i en hektisk arbeidshverdag med faste avtaler om: 1. Lunsj 2. Middag 3. Overtidsmat 4. ArrangementerSend oss gjerne en foresp\u00f8rsel Fortell oss gjerne litt om omfanget av avtalen du er [&hellip;]\" \/>\n<meta property=\"og:url\" content=\"https:\/\/tuktuk.no\/sandvika\/bedriftsavtale\/\" \/>\n<meta property=\"og:site_name\" content=\"TukTuk Sandvika\" \/>\n<meta property=\"article:modified_time\" content=\"2024-07-11T07:26:04+00:00\" \/>\n<meta name=\"twitter:card\" content=\"summary_large_image\" \/>\n<meta name=\"twitter:label1\" content=\"Estimated reading time\" \/>\n\t<meta name=\"twitter:data1\" content=\"10 minutes\" \/>\n<script type=\"application\/ld+json\" class=\"yoast-schema-graph\">{\"@context\":\"https:\/\/schema.org\",\"@graph\":[{\"@type\":\"WebPage\",\"@id\":\"https:\/\/tuktuk.no\/sandvika\/bedriftsavtale\/\",\"url\":\"https:\/\/tuktuk.no\/sandvika\/bedriftsavtale\/\",\"name\":\"Bedriftsavtale - TukTuk Sandvika\",\"isPartOf\":{\"@id\":\"https:\/\/tuktuk.no\/sandvika\/#website\"},\"datePublished\":\"2024-02-23T18:36:11+00:00\",\"dateModified\":\"2024-07-11T07:26:04+00:00\",\"inLanguage\":\"en-GB\",\"potentialAction\":[{\"@type\":\"ReadAction\",\"target\":[\"https:\/\/tuktuk.no\/sandvika\/bedriftsavtale\/\"]}]},{\"@type\":\"WebSite\",\"@id\":\"https:\/\/tuktuk.no\/sandvika\/#website\",\"url\":\"https:\/\/tuktuk.no\/sandvika\/\",\"name\":\"TukTuk Sandvika\",\"description\":\"Designs that reflect you!\",\"publisher\":{\"@id\":\"https:\/\/tuktuk.no\/sandvika\/#organization\"},\"potentialAction\":[{\"@type\":\"SearchAction\",\"target\":{\"@type\":\"EntryPoint\",\"urlTemplate\":\"https:\/\/tuktuk.no\/sandvika\/?s={search_term_string}\"},\"query-input\":{\"@type\":\"PropertyValueSpecification\",\"valueRequired\":true,\"valueName\":\"search_term_string\"}}],\"inLanguage\":\"en-GB\"},{\"@type\":\"Organization\",\"@id\":\"https:\/\/tuktuk.no\/sandvika\/#organization\",\"name\":\"TukTuk Sandvika\",\"url\":\"https:\/\/tuktuk.no\/sandvika\/\",\"logo\":{\"@type\":\"ImageObject\",\"inLanguage\":\"en-GB\",\"@id\":\"https:\/\/tuktuk.no\/sandvika\/#\/schema\/logo\/image\/\",\"url\":\"https:\/\/tuktuk.no\/sandvika\/wp-content\/uploads\/2022\/04\/CurryHouseLogo.png\",\"contentUrl\":\"https:\/\/tuktuk.no\/sandvika\/wp-content\/uploads\/2022\/04\/CurryHouseLogo.png\",\"width\":409,\"height\":310,\"caption\":\"TukTuk Sandvika\"},\"image\":{\"@id\":\"https:\/\/tuktuk.no\/sandvika\/#\/schema\/logo\/image\/\"}}]}<\/script>\n<!-- \/ Yoast SEO plugin. -->","yoast_head_json":{"title":"Bedriftsavtale - TukTuk Sandvika","robots":{"index":"index","follow":"follow","max-snippet":"max-snippet:-1","max-image-preview":"max-image-preview:large","max-video-preview":"max-video-preview:-1"},"canonical":"https:\/\/tuktuk.no\/sandvika\/bedriftsavtale\/","og_locale":"en_GB","og_type":"article","og_title":"Bedriftsavtale - TukTuk Sandvika","og_description":"Nyt et godt m\u00e5ltid p\u00e5 arbeidsplassen BedriftsavtaleVi skreddersyr din meny \u00d8nsker du \u00e5 gi dine ansatte muligheten til \u00e5 nyte god og n\u00e6ringsrik thailandsk mat i en hektisk arbeidshverdag med faste avtaler om: 1. Lunsj 2. Middag 3. Overtidsmat 4. ArrangementerSend oss gjerne en foresp\u00f8rsel Fortell oss gjerne litt om omfanget av avtalen du er [&hellip;]","og_url":"https:\/\/tuktuk.no\/sandvika\/bedriftsavtale\/","og_site_name":"TukTuk Sandvika","article_modified_time":"2024-07-11T07:26:04+00:00","twitter_card":"summary_large_image","twitter_misc":{"Estimated reading time":"10 minutes"},"schema":{"@context":"https:\/\/schema.org","@graph":[{"@type":"WebPage","@id":"https:\/\/tuktuk.no\/sandvika\/bedriftsavtale\/","url":"https:\/\/tuktuk.no\/sandvika\/bedriftsavtale\/","name":"Bedriftsavtale - TukTuk Sandvika","isPartOf":{"@id":"https:\/\/tuktuk.no\/sandvika\/#website"},"datePublished":"2024-02-23T18:36:11+00:00","dateModified":"2024-07-11T07:26:04+00:00","inLanguage":"en-GB","potentialAction":[{"@type":"ReadAction","target":["https:\/\/tuktuk.no\/sandvika\/bedriftsavtale\/"]}]},{"@type":"WebSite","@id":"https:\/\/tuktuk.no\/sandvika\/#website","url":"https:\/\/tuktuk.no\/sandvika\/","name":"TukTuk Sandvika","description":"Designs that reflect you!","publisher":{"@id":"https:\/\/tuktuk.no\/sandvika\/#organization"},"potentialAction":[{"@type":"SearchAction","target":{"@type":"EntryPoint","urlTemplate":"https:\/\/tuktuk.no\/sandvika\/?s={search_term_string}"},"query-input":{"@type":"PropertyValueSpecification","valueRequired":true,"valueName":"search_term_string"}}],"inLanguage":"en-GB"},{"@type":"Organization","@id":"https:\/\/tuktuk.no\/sandvika\/#organization","name":"TukTuk Sandvika","url":"https:\/\/tuktuk.no\/sandvika\/","logo":{"@type":"ImageObject","inLanguage":"en-GB","@id":"https:\/\/tuktuk.no\/sandvika\/#\/schema\/logo\/image\/","url":"https:\/\/tuktuk.no\/sandvika\/wp-content\/uploads\/2022\/04\/CurryHouseLogo.png","contentUrl":"https:\/\/tuktuk.no\/sandvika\/wp-content\/uploads\/2022\/04\/CurryHouseLogo.png","width":409,"height":310,"caption":"TukTuk Sandvika"},"image":{"@id":"https:\/\/tuktuk.no\/sandvika\/#\/schema\/logo\/image\/"}}]}},"_links":{"self":[{"href":"https:\/\/tuktuk.no\/sandvika\/wp-json\/wp\/v2\/pages\/6821","targetHints":{"allow":["GET"]}}],"collection":[{"href":"https:\/\/tuktuk.no\/sandvika\/wp-json\/wp\/v2\/pages"}],"about":[{"href":"https:\/\/tuktuk.no\/sandvika\/wp-json\/wp\/v2\/types\/page"}],"author":[{"embeddable":true,"href":"https:\/\/tuktuk.no\/sandvika\/wp-json\/wp\/v2\/users\/59"}],"replies":[{"embeddable":true,"href":"https:\/\/tuktuk.no\/sandvika\/wp-json\/wp\/v2\/comments?post=6821"}],"version-history":[{"count":10,"href":"https:\/\/tuktuk.no\/sandvika\/wp-json\/wp\/v2\/pages\/6821\/revisions"}],"predecessor-version":[{"id":8537,"href":"https:\/\/tuktuk.no\/sandvika\/wp-json\/wp\/v2\/pages\/6821\/revisions\/8537"}],"wp:attachment":[{"href":"https:\/\/tuktuk.no\/sandvika\/wp-json\/wp\/v2\/media?parent=6821"}],"curies":[{"name":"wp","href":"https:\/\/api.w.org\/{rel}","templated":true}]}}