
{"id":7885,"date":"2024-04-08T15:00:21","date_gmt":"2024-04-08T13:00:21","guid":{"rendered":"https:\/\/tuktuk.no\/?page_id=7885"},"modified":"2025-12-11T07:18:45","modified_gmt":"2025-12-11T06:18:45","slug":"terms-and-conditions","status":"publish","type":"page","link":"https:\/\/tuktuk.no\/asker\/terms-and-conditions\/","title":{"rendered":"Terms and Conditions"},"content":{"rendered":"<p>[et_pb_section fb_built=&#8221;1&#8243; admin_label=&#8221;Header&#8221; _builder_version=&#8221;4.26.0&#8243; _module_preset=&#8221;default&#8221; use_background_color_gradient=&#8221;on&#8221; background_color_gradient_direction=&#8221;127deg&#8221; background_color_gradient_stops=&#8221;#000000 0%|rgba(0,0,0,0.13) 75%&#8221; background_color_gradient_overlays_image=&#8221;on&#8221; background_color_gradient_start=&#8221;#000000&#8243; background_color_gradient_end=&#8221;rgba(0,0,0,0.13)&#8221; background_color_gradient_end_position=&#8221;50%&#8221; background_image=&#8221;https:\/\/tuktuk.no\/asker\/wp-content\/uploads\/2024\/07\/tuk-tuk-hero.webp&#8221; parallax=&#8221;on&#8221; custom_padding=&#8221;75px||75px||true|false&#8221; background_last_edited=&#8221;on|tablet&#8221; use_background_color_gradient_tablet=&#8221;on&#8221; background_color_gradient_direction_tablet=&#8221;0deg&#8221; background_color_gradient_stops_tablet=&#8221;#000000 0%|rgba(0,0,0,0) 100%&#8221; background_color_gradient_overlays_image_tablet=&#8221;on&#8221; background_color_gradient_start_tablet=&#8221;#000000&#8243; background_color_gradient_end_tablet=&#8221;rgba(0,0,0,0)&#8221; background_color_gradient_end_position_tablet=&#8221;100%&#8221; locked=&#8221;off&#8221; global_colors_info=&#8221;{}&#8221;][et_pb_row _builder_version=&#8221;4.24.2&#8243; _module_preset=&#8221;default&#8221; global_colors_info=&#8221;{}&#8221;][et_pb_column type=&#8221;4_4&#8243; _builder_version=&#8221;4.16&#8243; _module_preset=&#8221;default&#8221; z_index=&#8221;10&#8243; global_colors_info=&#8221;{}&#8221;][et_pb_heading title=&#8221;Terms and Conditions&#8221; _builder_version=&#8221;4.24.2&#8243; _module_preset=&#8221;default&#8221; title_text_align=&#8221;center&#8221; title_text_color=&#8221;#ffffff&#8221; global_colors_info=&#8221;{}&#8221;][\/et_pb_heading][\/et_pb_column][\/et_pb_row][\/et_pb_section][et_pb_section fb_built=&#8221;1&#8243; _builder_version=&#8221;4.24.2&#8243; _module_preset=&#8221;default&#8221; global_colors_info=&#8221;{}&#8221;][et_pb_row _builder_version=&#8221;4.24.2&#8243; _module_preset=&#8221;default&#8221; global_colors_info=&#8221;{}&#8221;][et_pb_column type=&#8221;4_4&#8243; _builder_version=&#8221;4.24.2&#8243; _module_preset=&#8221;default&#8221; global_colors_info=&#8221;{}&#8221;][et_pb_text _builder_version=&#8221;4.24.2&#8243; _module_preset=&#8221;default&#8221; text_font_size=&#8221;15px&#8221; header_4_font_size=&#8221;20px&#8221; header_4_line_height=&#8221;1.8em&#8221; custom_margin=&#8221;||||false|false&#8221; global_colors_info=&#8221;{}&#8221;]<\/p>\n<h4>Vilk\u00e5r for bestilling hos:<\/h4>\n<p>TukTuk Asker<br \/>Apotekerhagen 17, <br \/>1383 Asker<br \/>Org. nr.: 927102366<br \/>E-post: asker@tuk-tuk.no<br \/>Telefon: +47 90030014<\/p>\n<h4>Innledning<\/h4>\n<p>Disse vilk\u00e5rene gjelder s\u00e5 snart du \u00e5pner v\u00e5r bestillingsside eller n\u00e5r siden \u00e5pnes i bakgrunnen. N\u00e5r du gjennomf\u00f8rer et kj\u00f8p p\u00e5 nettet eller bestiller via telefon\/e-post hos oss, samler vi inn informasjon om deg, som brukes til \u00e5 administrere v\u00e5re bestillinger generelt. I tillegg, hvis du gir eksplisitt samtykke, kan vi samle inn data til bruk i v\u00e5r markedsf\u00f8ring. Vi er ansvarlige for dine personopplysninger n\u00e5r du legger inn en bestilling, enten det er online eller via telefon eller e-post.<\/p>\n<p>Hvis du ikke \u00f8nsker at dine personopplysninger skal samles inn og brukes, kan vi ikke garantere at vi vil kunne motta bestillingen din. Dette gjelder uansett om du \u00f8nsker \u00e5 legge inn en bestilling online eller via telefon\/e-post. V\u00e6r oppmerksom p\u00e5 at vi jevnlig kan endre vilk\u00e5rene som gjelder for denne bestillingstjenesten. Dette kan skyldes endrede juridiske krav eller endringer i den bestillingstjenesten vi bruker. Endringer p\u00e5 grunn av nye funksjoner i denne tjenesten eller endringer av juridiske \u00e5rsaker trer i kraft umiddelbart. Hvis du ikke aksepterer disse vilk\u00e5rene for denne bestillingstjenesten, b\u00f8r du umiddelbart avslutte bruken av tjenesten.<\/p>\n<p>Nedenfor kan du lese mer om hvordan vi h\u00e5ndterer dine personlige data.<\/p>\n<p>Hvilke personopplysninger\/data samler vi inn?<br \/>For \u00e5 behandle din bestilling samler vi inn f\u00f8lgende persondata om deg:<\/p>\n<h4>Ditt navn<\/h4>\n<p>E-postadresse<br \/>Telefonnummer\/mobilnummer<br \/>Eventuelle personlige opplysninger du oppgir via fritekst<br \/>Kj\u00f8ps-\/transaksjonsopplysninger<br \/>Informasjonskapsler <br \/>Dato\/tidspunktvalg i forbindelse med din bestilling<br \/>IP-adresse<br \/>Serverlogger<\/p>\n<h4>Bruk og behandling av personopplysninger<\/h4>\n<p>Vi bruker dine personopplysninger i v\u00e5r daglige administrasjon og behandling av bestillinger. Personopplysningene brukes til \u00e5 identifisere deg som person tilknyttet en bestilling. Bare p\u00e5 denne m\u00e5ten har vi mulighet til \u00e5 kontakte deg ang\u00e5ende din bestilling og identifisere deg ved henting hos oss. I tillegg kan vi bruke dine personopplysninger til leilighetsvis \u00e5 sende ordrestatus\/service meldinger, tilbakemeldingsforesp\u00f8rsler via e-post og\/eller SMS i forbindelse med eller umiddelbart etter ditt bes\u00f8k hos oss \u2013 og dermed ogs\u00e5 i administrasjon av din innkommende tilbakemelding. Vi kan ogs\u00e5 bruke dine personopplysninger til \u00e5 etablere eventuelle forhold mellom dine bestillinger hos oss, for eksempel antall bes\u00f8k\/kj\u00f8p du har gjort, tilbakemeldinger og\/eller kj\u00f8p du har sendt inn\/gjort hos oss. Hvis du har spesifikt samtykket til at vi kan bruke dine data til markedsf\u00f8ring, kan vi leilighetsvis sende nyhetsbrev via e-post og\/eller SMS. Denne tjenesten kan alltid kanselleres hvis \u00f8nskelig.<\/p>\n<h4>Lagring og beskyttelse av persondata<\/h4>\n<p>Vi lagrer dine persondata i v\u00e5rt bestillingssystem fra v\u00e5re underleverand\u00f8rer som vi har en lovp\u00e5lagt databehandleravtale med (GDPR). All kommunikasjon knyttet til online bestilling og bruk av bestillingssystemet generelt skjer kryptert via SSL\/HTTPS. Vi anonymiserer alle dine persondata slik at dataene bare kan brukes til statistiske visninger som ikke kan knyttes til identifikasjon av enkeltpersoner. Dine persondata anonymiseres 5 \u00e5r etter din siste bestilling. Imidlertid kan persondata oppbevares i mer enn 5 \u00e5r. Dette krever spesifikt samtykke fra deg, for eksempel i forbindelse med p\u00e5melding til v\u00e5rt nyhetsbrev eller lignende. Eller hvis det er andre juridiske krav som dikterer at vi m\u00e5 beholde dataene dine lenger. Dine personlige data er bare tilgjengelige for v\u00e5re ansatte som arbeider med daglig h\u00e5ndtering av bestillinger og ledende ansatte.<\/p>\n<h4>Utlevering og deling av personopplysninger<\/h4>\n<p>Ved \u00e5 akseptere disse vilk\u00e5rene samtykker du i at vi utleverer dine personopplysninger til v\u00e5r leverand\u00f8r av bestillingstjenesten som vi har en lovp\u00e5lagt databehandleravtale med. Dine opplysninger kan ogs\u00e5 utleveres til andre leverand\u00f8rer som f.eks. betalingsleverand\u00f8rer (f.eks. Nets), e-postleverand\u00f8rer, SMS-leverand\u00f8rer og andre tjenesteleverand\u00f8rer som er n\u00f8dvendige for \u00e5 behandle din bestilling. Vi utleverer kun personlige opplysninger til v\u00e5re samarbeidspartnere eller andre betrodde enheter for \u00e5 opprettholde kontinuerlig drift og tilby best mulig service. For \u00e5 optimalisere denne bestillingstjenesten samles data og statistikk om brukeradferd p\u00e5 nettstedet, og denne informasjonen samles i samarbeid med ulike underleverand\u00f8rer og brukes kun til statistiske form\u00e5l og generell brukeradferd.<\/p>\n<h4>Sosiale medier og persondata<\/h4>\n<p>Vi kan bruke sosiale medieknapper\/plugins i forbindelse med bestilling hos oss. Dette for \u00e5 lette inntasting av personlige opplysninger som navn, e-post og telefonnummer.<\/p>\n<h4>Google Analytics<\/h4>\n<p>Vi kan bruke Google Analytics for \u00e5 samle inn bes\u00f8ksstatistikk, og i den forbindelse gir vi IP-adresser til Google Analytics. Google kan videreformidle informasjonen til tredjeparter der loven krever dette, eller til tredjeparter som utf\u00f8rer oppgaver for dem. Personvernreglene for Google Analytics aksepteres ved online bestilling hos oss, og finnes p\u00e5 http:\/\/www.google.com\/privacy.html.<\/p>\n<h4>Informasjonskapsler \/ Ikke-personlige opplysninger<\/h4>\n<p>P\u00e5 forskjellige m\u00e5ter samler vi inn digitale opplysninger om din bestilling. Ingen av disse opplysningene gj\u00f8r det mulig \u00e5 spore deg som person, bare den spesifikke datamaskinen du koblet deg opp fra. Vi bruker informasjonskapsler for \u00e5 forbedre opplevelsen din i forbindelse med bestillingen. En informasjonskapsel er en liten mengde data skjult i nettleseren din, og kan kun leses av databehandleren. En informasjonskapsel inneholder informasjon som dine datamaskininnstillinger, innholdet av en booking, interne serverdata eller annen data brukt av v\u00e5r server. Informasjonskapsler er ikke programmer som kj\u00f8rer p\u00e5 datamaskinen din, men sm\u00e5 mengder tekstdata som sendes frem og tilbake til og fra PCen din. Informasjonskapsler er verken spionprogrammer eller virus. Vi skiller mellom om informasjonskapselen forsvinner n\u00e5r du lukker nettleseren din (sesjonskapsler), eller om de lagres p\u00e5 PCen din (vedvarende kapsler). Vi skiller ogs\u00e5 mellom om informasjonskapselen har oss\/leverand\u00f8ren som avsender (f\u00f8rsteparts informasjonskapsler) eller en av v\u00e5re partnere som avsender (tredjeparts informasjonskapsler). I de fleste nettlesere kan du endre innstillingene for hvilke informasjonskapsler som installeres p\u00e5 PCen din. Vi setter bare vedvarende informasjonskapsler for \u00e5 kunne gj\u00f8re bestillingsopplevelsen din s\u00e5 god som mulig. Vi bruker de innsamlede opplysningene til \u00e5 forst\u00e5 opplevelsen din p\u00e5 v\u00e5re sider. Sesjonskapsler forsvinner n\u00e5r du forlater v\u00e5rt domene\/nettsted.<\/p>\n<h4>Innsikt\/Tilbakekallelse\/Sletting av dine persondata<\/h4>\n<p>If\u00f8lge EUs personvernforordning er det klare regler for n\u00e5r du kan be om innsikt i dine personlige data. If\u00f8lge loven har alle EU\/E\u00d8S-borgere alltid &#8220;Rett til \u00e5 bli glemt.&#8221; Hvis du \u00f8nsker at vi skal slette ALLE de personlige dataene vi har registrert, kan du kontakte oss via e-post: info@tuktukasker.com eller ved hjelp av f\u00f8lgende firmaopplysninger:<\/p>\n<p>TukTuk Asker Kongsveien 91 1177 Oslo CVR: 931549375 E-post: info@tuktukasker.com Telefon: 900 30 014<\/p>\n<p>Vi merker ogs\u00e5 at vi kanskje ikke n\u00f8dvendigvis kan tilby deg bestilling hvis du igjen ikke \u00f8nsker at dine persondata skal registreres.<\/p>\n<h4>Firmaopplysninger<\/h4>\n<p>TukTuk Asker er et selskap registrert i Norge med org 931549375, Kongsveien 91, 1177 Oslo. Fra denne nettsiden tilbyr vi muligheten til \u00e5 bestille mat for take away fra TukTuk Asker. Alle kj\u00f8p som gj\u00f8res gjennom denne nettsiden er mellom deg som kunde og TukTuk Asker som selger. Bestillinger p\u00e5 denne nettsiden sendes til TukTuk Asker, og eventuell betaling via nettsiden g\u00e5r direkte til TukTuk Asker. Alternativt betales det ved avhenting. Ved \u00e5 f\u00e5 tilgang til deler av denne nettsiden, samtykker du i disse vilk\u00e5rene. Hvis du ikke godtar vilk\u00e5rene for v\u00e5r nettside, b\u00f8r du umiddelbart forlate nettsiden. Du kan heller ikke bestille produkter p\u00e5 nettsiden.<\/p>\n<p>Hvis du ikke aksepterer nettstedets vilk\u00e5r, skal du forlate nettstedet \u00f8yeblikkelig, og du kan ikke bestille produkter p\u00e5 nettstedet. TukTuk Asker kan til enhver tid endre disse vilk\u00e5rene, og du oppfordres derfor til \u00e5 lese disse vilk\u00e5rene kontinuerlig ved bes\u00f8k her p\u00e5 nettsiden, da de er bindende for deg som kunde. Du er underlagt retningslinjer, vilk\u00e5r og betingelser som gjelder p\u00e5 det tidspunktet du bestiller produkter fra oss.<\/p>\n<h4>Juridiske forhold<\/h4>\n<p>Ved \u00e5 legge inn en bestilling p\u00e5 nettsiden garanterer du at du er juridisk i stand til \u00e5 inng\u00e5 bindende avtaler og at du er over 18 \u00e5r.<\/p>\n<p>Ordrebehandling og betaling<\/p>\n<p>Betaling skjer for \u00f8yeblikket ved henting av produktet i v\u00e5rt take away-utsalg. Alle priser er oppgitt i NOK og inkluderer 15% mva. Betaling kan gj\u00f8res med kontanter, kreditt- og debetkort. OBS: Vi tilbyr ikke kreditt og etterskuddsfakturering.<\/p>\n<p>N\u00e5r du har lagt inn bestillingen din, vil vi begynne \u00e5 behandle bestillingen din ved \u00e5 sende den til TukTuk Asker, og vi vil varsle deg via e-post om at bestillingen er mottatt og at bestillingen din behandles.<\/p>\n<h4>Priser<\/h4>\n<p>Denne nettsiden inneholder et stort antall produkter, og det er alltid en fare for feil i tekster eller priser. TukTuk Asker har i slike tilfeller ingen forpliktelse til \u00e5 s\u00f8rge for at du mottar bestillingen til lavere pris enn gjeldende pris, eller \u00e5 kompensere deg i forbindelse med feilprisangivelser, dersom den feilaktige prisen er \u00e5penbart feil, og du burde ha innsett dette i forbindelse med din bestilling. Betalingsm\u00e5te: Betaling m\u00e5 skje med et av betalingskortene som aksepteres av nettsiden, eller kontant til restauranten ved henting hvis dette er mulig.<\/p>\n<h4>Angrerett og\/eller endring av ordre<\/h4>\n<p>N\u00e5r du har lagt inn bestillingen, kan du ikke kansellere bestillingen. \u00d8nsker du \u00e5 endre bestillingen din, kan du kontakte TukTuk Asker. Hvis TukTuk Asker allerede har startet produksjon av din bestilling, er det ingen angrerett p\u00e5 bestillingen eller refusjon av eventuell betaling. Hvis du \u00f8nsker \u00e5 endre bestillingen din etter at den er lagt inn, kan du kontakte TukTuk Asker p\u00e5 900 30 014, og de vil pr\u00f8ve \u00e5 hjelpe deg med ditt \u00f8nske. Det er imidlertid ingen garanti for at TukTuk Asker kan akse<\/p>\n<p>[\/et_pb_text][\/et_pb_column][\/et_pb_row][\/et_pb_section][et_pb_section fb_built=&#8221;1&#8243; admin_label=&#8221;Footer&#8221; _builder_version=&#8221;4.16&#8243; _module_preset=&#8221;default&#8221; background_color=&#8221;#141a22&#8243; locked=&#8221;off&#8221; global_colors_info=&#8221;{}&#8221;][et_pb_row column_structure=&#8221;1_3,1_3,1_3&#8243; _builder_version=&#8221;4.20.4&#8243; _module_preset=&#8221;default&#8221; global_colors_info=&#8221;{}&#8221;][et_pb_column type=&#8221;1_3&#8243; _builder_version=&#8221;4.20.4&#8243; _module_preset=&#8221;default&#8221; global_colors_info=&#8221;{}&#8221;][et_pb_image src=&#8221;https:\/\/tuktuk.no\/asker\/wp-content\/uploads\/2025\/09\/TukTuklogo.png&#8221; title_text=&#8221;TukTuklogo&#8221; _builder_version=&#8221;4.27.4&#8243; _module_preset=&#8221;default&#8221; width=&#8221;75%&#8221; hover_enabled=&#8221;0&#8243; global_colors_info=&#8221;{}&#8221; sticky_enabled=&#8221;0&#8243;][\/et_pb_image][et_pb_social_media_follow icon_color=&#8221;#ffffff&#8221; _builder_version=&#8221;4.25.1&#8243; _module_preset=&#8221;default&#8221; custom_margin=&#8221;||||false|false&#8221; locked=&#8221;off&#8221; global_colors_info=&#8221;{}&#8221;][et_pb_social_media_follow_network social_network=&#8221;facebook&#8221; url=&#8221;https:\/\/www.facebook.com\/TukTukAsker&#8221; _builder_version=&#8221;4.25.1&#8243; _module_preset=&#8221;default&#8221; background_color=&#8221;#3b5998&#8243; global_colors_info=&#8221;{}&#8221; follow_button=&#8221;off&#8221; url_new_window=&#8221;on&#8221;]facebook[\/et_pb_social_media_follow_network][et_pb_social_media_follow_network social_network=&#8221;instagram&#8221; url=&#8221;https:\/\/www.instagram.com\/tuktuk_thai_restaurants&#8221; _builder_version=&#8221;4.25.1&#8243; _module_preset=&#8221;default&#8221; background_color=&#8221;#ea2c59&#8243; global_colors_info=&#8221;{}&#8221; follow_button=&#8221;off&#8221; url_new_window=&#8221;on&#8221;]instagram[\/et_pb_social_media_follow_network][\/et_pb_social_media_follow][\/et_pb_column][et_pb_column type=&#8221;1_3&#8243; _builder_version=&#8221;4.20.4&#8243; _module_preset=&#8221;default&#8221; global_colors_info=&#8221;{}&#8221;][et_pb_text _builder_version=&#8221;4.25.0&#8243; _module_preset=&#8221;default&#8221; text_font=&#8221;||||||||&#8221; text_text_color=&#8221;rgba(255,255,255,0.7)&#8221; text_font_size=&#8221;16px&#8221; text_line_height=&#8221;2em&#8221; link_font=&#8221;||||||||&#8221; link_text_color=&#8221;#ffffff&#8221; link_font_size=&#8221;16px&#8221; link_line_height=&#8221;2em&#8221; header_4_font=&#8221;|700||on|||||&#8221; header_4_font_size=&#8221;14px&#8221; header_4_letter_spacing=&#8221;4px&#8221; header_4_line_height=&#8221;1.4em&#8221; background_layout=&#8221;dark&#8221; locked=&#8221;off&#8221; global_colors_info=&#8221;{}&#8221;]<\/p>\n<h4>Asker<\/h4>\n<p>Apotekerhagen 17<br \/>1383 Asker<\/p>\n<p><a href=\"tel:4790030014\">+47 90030014<\/a><br \/><a href=\"mailto:asker@tuk-tuk.no\">asker@tuk-tuk.no<\/a><br \/>Org nr: 927 102 366<br \/><a href=\"https:\/\/tuktuk.no\/asker\/terms-and-conditions\/\">Terms and Conditions<\/a><\/p>\n<p>[\/et_pb_text][\/et_pb_column][et_pb_column type=&#8221;1_3&#8243; _builder_version=&#8221;4.20.4&#8243; _module_preset=&#8221;default&#8221; global_colors_info=&#8221;{}&#8221;][et_pb_text _builder_version=&#8221;4.25.0&#8243; _module_preset=&#8221;default&#8221; text_font=&#8221;||||||||&#8221; text_text_color=&#8221;rgba(255,255,255,0.7)&#8221; text_font_size=&#8221;16px&#8221; text_line_height=&#8221;2em&#8221; link_font=&#8221;||||||||&#8221; link_text_color=&#8221;#ffffff&#8221; link_font_size=&#8221;16px&#8221; link_line_height=&#8221;2em&#8221; header_4_font=&#8221;|700||on|||||&#8221; header_4_font_size=&#8221;14px&#8221; header_4_letter_spacing=&#8221;4px&#8221; header_4_line_height=&#8221;1.4em&#8221; background_layout=&#8221;dark&#8221; locked=&#8221;off&#8221; global_colors_info=&#8221;{}&#8221;]<\/p>\n<h4>Sandvika<\/h4>\n<p>ODEON Kino<br \/>\nClaude Monts alle 25,<br \/>\n1338 Sandvika<\/p>\n<p><a href=\"tel:4790030014\">+47 90030014<\/a><br \/>\n<a href=\"mailto:sandvika@tuk-tuk.no\">sandvika@tuk-tuk.no<\/a><br \/>\nOrg nr: 916 736 576<br \/>\n<a href=\"https:\/\/tuktuk.no\/sandvika\/terms-and-conditions\/\">Terms and Conditions<\/a>[\/et_pb_text][\/et_pb_column][\/et_pb_row][\/et_pb_section]<\/p>\n","protected":false},"excerpt":{"rendered":"<p>Vilk\u00e5r for bestilling hos: TukTuk AskerApotekerhagen 17, 1383 AskerOrg. nr.: 927102366E-post: asker@tuk-tuk.noTelefon: +47 90030014 Innledning Disse vilk\u00e5rene gjelder s\u00e5 snart du \u00e5pner v\u00e5r bestillingsside eller n\u00e5r siden \u00e5pnes i bakgrunnen. N\u00e5r du gjennomf\u00f8rer et kj\u00f8p p\u00e5 nettet eller bestiller via telefon\/e-post hos oss, samler vi inn informasjon om deg, som brukes til \u00e5 administrere v\u00e5re [&hellip;]<\/p>\n","protected":false},"author":59,"featured_media":0,"parent":0,"menu_order":0,"comment_status":"closed","ping_status":"closed","template":"","meta":{"_acf_changed":false,"_et_pb_use_builder":"on","_et_pb_old_content":"","_et_gb_content_width":"","footnotes":""},"class_list":["post-7885","page","type-page","status-publish","hentry"],"acf":[],"yoast_head":"<!-- This site is optimized with the Yoast SEO plugin v27.4 - https:\/\/yoast.com\/product\/yoast-seo-wordpress\/ -->\n<title>Terms and Conditions - TukTuk Asker<\/title>\n<meta name=\"robots\" content=\"index, follow, max-snippet:-1, max-image-preview:large, max-video-preview:-1\" \/>\n<link rel=\"canonical\" href=\"https:\/\/tuktuk.no\/asker\/terms-and-conditions\/\" \/>\n<meta property=\"og:locale\" content=\"en_GB\" \/>\n<meta property=\"og:type\" content=\"article\" \/>\n<meta property=\"og:title\" content=\"Terms and Conditions - TukTuk Asker\" \/>\n<meta property=\"og:description\" content=\"Vilk\u00e5r for bestilling hos: TukTuk AskerApotekerhagen 17, 1383 AskerOrg. nr.: 927102366E-post: asker@tuk-tuk.noTelefon: +47 90030014 Innledning Disse vilk\u00e5rene gjelder s\u00e5 snart du \u00e5pner v\u00e5r bestillingsside eller n\u00e5r siden \u00e5pnes i bakgrunnen. N\u00e5r du gjennomf\u00f8rer et kj\u00f8p p\u00e5 nettet eller bestiller via telefon\/e-post hos oss, samler vi inn informasjon om deg, som brukes til \u00e5 administrere v\u00e5re [&hellip;]\" \/>\n<meta property=\"og:url\" content=\"https:\/\/tuktuk.no\/asker\/terms-and-conditions\/\" \/>\n<meta property=\"og:site_name\" content=\"TukTuk Asker\" \/>\n<meta property=\"article:modified_time\" content=\"2025-12-11T06:18:45+00:00\" \/>\n<meta name=\"twitter:card\" content=\"summary_large_image\" \/>\n<meta name=\"twitter:label1\" content=\"Estimated reading time\" \/>\n\t<meta name=\"twitter:data1\" content=\"11 minutes\" \/>\n<script type=\"application\/ld+json\" class=\"yoast-schema-graph\">{\"@context\":\"https:\\\/\\\/schema.org\",\"@graph\":[{\"@type\":\"WebPage\",\"@id\":\"https:\\\/\\\/tuktuk.no\\\/asker\\\/terms-and-conditions\\\/\",\"url\":\"https:\\\/\\\/tuktuk.no\\\/asker\\\/terms-and-conditions\\\/\",\"name\":\"Terms and Conditions - TukTuk Asker\",\"isPartOf\":{\"@id\":\"https:\\\/\\\/tuktuk.no\\\/asker\\\/#website\"},\"datePublished\":\"2024-04-08T13:00:21+00:00\",\"dateModified\":\"2025-12-11T06:18:45+00:00\",\"inLanguage\":\"en-GB\",\"potentialAction\":[{\"@type\":\"ReadAction\",\"target\":[\"https:\\\/\\\/tuktuk.no\\\/asker\\\/terms-and-conditions\\\/\"]}]},{\"@type\":\"WebSite\",\"@id\":\"https:\\\/\\\/tuktuk.no\\\/asker\\\/#website\",\"url\":\"https:\\\/\\\/tuktuk.no\\\/asker\\\/\",\"name\":\"TukTuk Asker\",\"description\":\"Best Thai resturant i Asker\",\"potentialAction\":[{\"@type\":\"SearchAction\",\"target\":{\"@type\":\"EntryPoint\",\"urlTemplate\":\"https:\\\/\\\/tuktuk.no\\\/asker\\\/?s={search_term_string}\"},\"query-input\":{\"@type\":\"PropertyValueSpecification\",\"valueRequired\":true,\"valueName\":\"search_term_string\"}}],\"inLanguage\":\"en-GB\"}]}<\/script>\n<!-- \/ Yoast SEO plugin. -->","yoast_head_json":{"title":"Terms and Conditions - TukTuk Asker","robots":{"index":"index","follow":"follow","max-snippet":"max-snippet:-1","max-image-preview":"max-image-preview:large","max-video-preview":"max-video-preview:-1"},"canonical":"https:\/\/tuktuk.no\/asker\/terms-and-conditions\/","og_locale":"en_GB","og_type":"article","og_title":"Terms and Conditions - TukTuk Asker","og_description":"Vilk\u00e5r for bestilling hos: TukTuk AskerApotekerhagen 17, 1383 AskerOrg. nr.: 927102366E-post: asker@tuk-tuk.noTelefon: +47 90030014 Innledning Disse vilk\u00e5rene gjelder s\u00e5 snart du \u00e5pner v\u00e5r bestillingsside eller n\u00e5r siden \u00e5pnes i bakgrunnen. N\u00e5r du gjennomf\u00f8rer et kj\u00f8p p\u00e5 nettet eller bestiller via telefon\/e-post hos oss, samler vi inn informasjon om deg, som brukes til \u00e5 administrere v\u00e5re [&hellip;]","og_url":"https:\/\/tuktuk.no\/asker\/terms-and-conditions\/","og_site_name":"TukTuk Asker","article_modified_time":"2025-12-11T06:18:45+00:00","twitter_card":"summary_large_image","twitter_misc":{"Estimated reading time":"11 minutes"},"schema":{"@context":"https:\/\/schema.org","@graph":[{"@type":"WebPage","@id":"https:\/\/tuktuk.no\/asker\/terms-and-conditions\/","url":"https:\/\/tuktuk.no\/asker\/terms-and-conditions\/","name":"Terms and Conditions - TukTuk Asker","isPartOf":{"@id":"https:\/\/tuktuk.no\/asker\/#website"},"datePublished":"2024-04-08T13:00:21+00:00","dateModified":"2025-12-11T06:18:45+00:00","inLanguage":"en-GB","potentialAction":[{"@type":"ReadAction","target":["https:\/\/tuktuk.no\/asker\/terms-and-conditions\/"]}]},{"@type":"WebSite","@id":"https:\/\/tuktuk.no\/asker\/#website","url":"https:\/\/tuktuk.no\/asker\/","name":"TukTuk Asker","description":"Best Thai resturant i Asker","potentialAction":[{"@type":"SearchAction","target":{"@type":"EntryPoint","urlTemplate":"https:\/\/tuktuk.no\/asker\/?s={search_term_string}"},"query-input":{"@type":"PropertyValueSpecification","valueRequired":true,"valueName":"search_term_string"}}],"inLanguage":"en-GB"}]}},"_links":{"self":[{"href":"https:\/\/tuktuk.no\/asker\/wp-json\/wp\/v2\/pages\/7885","targetHints":{"allow":["GET"]}}],"collection":[{"href":"https:\/\/tuktuk.no\/asker\/wp-json\/wp\/v2\/pages"}],"about":[{"href":"https:\/\/tuktuk.no\/asker\/wp-json\/wp\/v2\/types\/page"}],"author":[{"embeddable":true,"href":"https:\/\/tuktuk.no\/asker\/wp-json\/wp\/v2\/users\/59"}],"replies":[{"embeddable":true,"href":"https:\/\/tuktuk.no\/asker\/wp-json\/wp\/v2\/comments?post=7885"}],"version-history":[{"count":9,"href":"https:\/\/tuktuk.no\/asker\/wp-json\/wp\/v2\/pages\/7885\/revisions"}],"predecessor-version":[{"id":11837,"href":"https:\/\/tuktuk.no\/asker\/wp-json\/wp\/v2\/pages\/7885\/revisions\/11837"}],"wp:attachment":[{"href":"https:\/\/tuktuk.no\/asker\/wp-json\/wp\/v2\/media?parent=7885"}],"curies":[{"name":"wp","href":"https:\/\/api.w.org\/{rel}","templated":true}]}}