
{"id":6806,"date":"2024-02-24T21:03:32","date_gmt":"2024-02-24T20:03:32","guid":{"rendered":"https:\/\/tuktuk.no\/?page_id=6806"},"modified":"2026-04-13T21:02:11","modified_gmt":"2026-04-13T19:02:11","slug":"kontakt","status":"publish","type":"page","link":"https:\/\/tuktuk.no\/asker\/kontakt\/","title":{"rendered":"Kontakt"},"content":{"rendered":"<p>[et_pb_section fb_built=&#8221;1&#8243; admin_label=&#8221;Header&#8221; _builder_version=&#8221;4.26.0&#8243; _module_preset=&#8221;default&#8221; use_background_color_gradient=&#8221;on&#8221; background_color_gradient_direction=&#8221;127deg&#8221; background_color_gradient_stops=&#8221;#000000 0%|rgba(0,0,0,0.13) 75%&#8221; background_color_gradient_overlays_image=&#8221;on&#8221; background_color_gradient_start=&#8221;#000000&#8243; background_color_gradient_end=&#8221;rgba(0,0,0,0.13)&#8221; background_color_gradient_end_position=&#8221;50%&#8221; background_image=&#8221;https:\/\/tuktuk.no\/asker\/wp-content\/uploads\/2024\/07\/tuk-tuk-hero.webp&#8221; parallax=&#8221;on&#8221; custom_padding=&#8221;10vw||10vw||true|false&#8221; background_last_edited=&#8221;on|tablet&#8221; use_background_color_gradient_tablet=&#8221;on&#8221; background_color_gradient_direction_tablet=&#8221;0deg&#8221; background_color_gradient_stops_tablet=&#8221;#000000 0%|rgba(0,0,0,0) 100%&#8221; background_color_gradient_overlays_image_tablet=&#8221;on&#8221; background_color_gradient_start_tablet=&#8221;#000000&#8243; background_color_gradient_end_tablet=&#8221;rgba(0,0,0,0)&#8221; background_color_gradient_end_position_tablet=&#8221;100%&#8221; locked=&#8221;off&#8221; global_colors_info=&#8221;{}&#8221;][et_pb_row _builder_version=&#8221;4.16&#8243; _module_preset=&#8221;default&#8221; global_colors_info=&#8221;{}&#8221;][et_pb_column type=&#8221;4_4&#8243; _builder_version=&#8221;4.16&#8243; _module_preset=&#8221;default&#8221; z_index=&#8221;10&#8243; global_colors_info=&#8221;{}&#8221;][et_pb_text content_tablet=&#8221;<\/p>\n<h2>Er du sulten p\u00e5 noe godt?<\/h2>\n<h3>Autentisk mat fra det thailandske kj\u00f8kken<\/h3>\n<p>Velg din restaurant:<\/p>\n<p>&#8221; content_phone=&#8221;<\/p>\n<h2 style=%22text-align: center;%22>Er du sulten p\u00e5 noe godt?<\/h2>\n<h3 style=%22text-align: center;%22>Autentisk mat fra det thailandske kj\u00f8kken<\/h3>\n<p style=%22text-align: center;%22>Velg din restaurant:<\/p>\n<p>&#8221; content_last_edited=&#8221;on|phone&#8221; _builder_version=&#8221;4.24.2&#8243; _module_preset=&#8221;default&#8221; text_font=&#8221;Abhaya Libre||||||||&#8221; text_font_size=&#8221;18px&#8221; text_line_height=&#8221;1.8em&#8221; header_2_font=&#8221;Euphoria Script||||||||&#8221; header_2_font_size=&#8221;38px&#8221; header_3_font=&#8221;Roboto Condensed||||||||&#8221; header_3_font_size=&#8221;80px&#8221; header_3_letter_spacing=&#8221;1px&#8221; header_3_line_height=&#8221;1.1em&#8221; background_layout=&#8221;dark&#8221; max_width=&#8221;800px&#8221; custom_margin=&#8221;0px||||false|false&#8221; text_font_size_tablet=&#8221;&#8221; text_font_size_phone=&#8221;16px&#8221; text_font_size_last_edited=&#8221;on|phone&#8221; header_2_font_size_tablet=&#8221;50px&#8221; header_2_font_size_phone=&#8221;32px&#8221; header_2_font_size_last_edited=&#8221;on|phone&#8221; header_3_font_tablet=&#8221;Roboto Condensed||||||||&#8221; header_3_font_phone=&#8221;Roboto Condensed||||||||&#8221; header_3_font_last_edited=&#8221;on|desktop&#8221; header_3_font_size_tablet=&#8221;60px&#8221; header_3_font_size_phone=&#8221;40px&#8221; header_3_font_size_last_edited=&#8221;on|desktop&#8221; global_colors_info=&#8221;{}&#8221;]<\/p>\n<h3>Kontakt oss<\/h3>\n<h2>Planlegge catering eller opprette bedriftsavtale?<\/h2>\n<h2>Kontakt oss i dag for et godt m\u00e5ltid fra en av v\u00e5re restauranter.<\/h2>\n<p>[\/et_pb_text][\/et_pb_column][\/et_pb_row][\/et_pb_section][et_pb_section fb_built=&#8221;1&#8243; _builder_version=&#8221;4.20.4&#8243; _module_preset=&#8221;default&#8221; background_color=&#8221;#0a0a0a&#8221; positioning=&#8221;none&#8221; position_origin_a=&#8221;bottom_center&#8221; custom_margin=&#8221;0px||0px||false|false&#8221; custom_padding=&#8221;0px||0px||false|false&#8221; global_colors_info=&#8221;{}&#8221;][et_pb_row _builder_version=&#8221;4.20.4&#8243; _module_preset=&#8221;default&#8221; global_colors_info=&#8221;{}&#8221;][et_pb_column type=&#8221;4_4&#8243; _builder_version=&#8221;4.20.4&#8243; _module_preset=&#8221;default&#8221; global_colors_info=&#8221;{}&#8221;][et_pb_button button_url=&#8221;tel:+4790030014&#8243; button_text=&#8221;900 300 14&#8243; button_alignment=&#8221;center&#8221; module_id=&#8221;phone-number&#8221; _builder_version=&#8221;4.26.0&#8243; _module_preset=&#8221;default&#8221; custom_button=&#8221;on&#8221; button_text_size=&#8221;20px&#8221; button_text_color=&#8221;#f35052&#8243; button_border_width=&#8221;0px&#8221; button_border_radius=&#8221;0px&#8221; button_font=&#8221;|700|||||||&#8221; button_icon=&#8221;&#xe090;||divi||400&#8243; button_icon_placement=&#8221;left&#8221; button_on_hover=&#8221;off&#8221; custom_padding=&#8221;15px|60px|15px|60px|true|true&#8221; global_colors_info=&#8221;{}&#8221;][\/et_pb_button][\/et_pb_column][\/et_pb_row][\/et_pb_section][et_pb_section fb_built=&#8221;1&#8243; admin_label=&#8221;How it Works&#8221; _builder_version=&#8221;4.20.4&#8243; _module_preset=&#8221;default&#8221; background_color=&#8221;#08080a&#8221; background_enable_image=&#8221;off&#8221; z_index=&#8221;10&#8243; custom_padding=&#8221;||100px|||&#8221; locked=&#8221;off&#8221; global_colors_info=&#8221;{}&#8221;][et_pb_row _builder_version=&#8221;4.16&#8243; _module_preset=&#8221;default&#8221; global_colors_info=&#8221;{}&#8221;][et_pb_column type=&#8221;4_4&#8243; _builder_version=&#8221;4.16&#8243; _module_preset=&#8221;default&#8221; global_colors_info=&#8221;{}&#8221;][et_pb_text _builder_version=&#8221;4.20.4&#8243; _module_preset=&#8221;default&#8221; header_2_font=&#8221;Montserrat|700||on|||||&#8221; header_2_font_size=&#8221;35px&#8221; header_2_letter_spacing=&#8221;0.1em&#8221; header_2_line_height=&#8221;1.5em&#8221; background_layout=&#8221;dark&#8221; header_2_font_size_tablet=&#8221;18px&#8221; header_2_font_size_phone=&#8221;16px&#8221; header_2_font_size_last_edited=&#8221;on|desktop&#8221; locked=&#8221;off&#8221; global_colors_info=&#8221;{}&#8221;]<\/p>\n<h2 style=\"text-align: center;\">Velg din restaurant<\/h2>\n<p>[\/et_pb_text][\/et_pb_column][\/et_pb_row][et_pb_row column_structure=&#8221;1_2,1_2&#8243; _builder_version=&#8221;4.16&#8243; _module_preset=&#8221;default&#8221; global_colors_info=&#8221;{}&#8221;][et_pb_column type=&#8221;1_2&#8243; _builder_version=&#8221;4.16&#8243; _module_preset=&#8221;default&#8221; global_colors_info=&#8221;{}&#8221;][et_pb_blurb title=&#8221;Asker&#8221; image=&#8221;https:\/\/tuktuk.no\/asker\/wp-content\/uploads\/2024\/07\/pad-thai.webp&#8221; image_icon_width=&#8221;123px&#8221; content_max_width=&#8221;100%&#8221; _builder_version=&#8221;4.27.5&#8243; _module_preset=&#8221;default&#8221; header_font=&#8221;|700||on|||||&#8221; header_text_align=&#8221;center&#8221; header_font_size=&#8221;16px&#8221; header_letter_spacing=&#8221;2px&#8221; header_line_height=&#8221;1.8em&#8221; body_text_color=&#8221;rgba(255,255,255,0.7)&#8221; body_font_size=&#8221;16px&#8221; body_line_height=&#8221;1.8em&#8221; background_enable_color=&#8221;off&#8221; image_icon_custom_padding=&#8221;0px|0px|0px|0px|false|false&#8221; background_layout=&#8221;dark&#8221; hover_enabled=&#8221;0&#8243; body_font_size_tablet=&#8221;&#8221; body_font_size_phone=&#8221;14px&#8221; body_font_size_last_edited=&#8221;on|phone&#8221; icon_font_size=&#8221;32px&#8221; use_circle=&#8221;on&#8221; circle_color=&#8221;#E0AF4A&#8221; locked=&#8221;off&#8221; global_colors_info=&#8221;{}&#8221; image_icon_background_color__sticky_enabled=&#8221;#7EBEC5&#8243; image_icon_background_color__sticky=&#8221;#7EBEC5&#8243; sticky_enabled=&#8221;0&#8243;]<\/p>\n<p style=\"text-align: center;\"><strong>Man \u2013 S\u00f8n: 14:00 \u2013 22:00<\/strong><\/p>\n<p style=\"text-align: center;\"><strong>(kj\u00f8kkenet stenger kl 21:00 alle dager)<\/strong><\/p>\n<p style=\"text-align: center;\">Apotekerhagen 17, 1383 Asker<\/p>\n<p>[\/et_pb_blurb][et_pb_button button_url=&#8221;https:\/\/tuktuk.no\/asker\/meny\/&#8221; button_text=&#8221;MENY&#8221; button_alignment=&#8221;center&#8221; _builder_version=&#8221;4.25.0&#8243; _module_preset=&#8221;default&#8221; custom_button=&#8221;on&#8221; button_text_size=&#8221;16px&#8221; button_text_color=&#8221;#222222&#8243; button_bg_color=&#8221;#f35052&#8243; button_border_width=&#8221;0px&#8221; button_border_radius=&#8221;0px&#8221; button_font=&#8221;|700|||||||&#8221; custom_padding=&#8221;15px|60px|15px|60px|true|true&#8221; global_colors_info=&#8221;{}&#8221;][\/et_pb_button][\/et_pb_column][et_pb_column type=&#8221;1_2&#8243; _builder_version=&#8221;4.16&#8243; _module_preset=&#8221;default&#8221; global_colors_info=&#8221;{}&#8221;][et_pb_blurb title=&#8221;Sandvika&#8221; image=&#8221;https:\/\/tuktuk.no\/asker\/wp-content\/uploads\/2024\/07\/tom-yum-goong.webp&#8221; image_icon_width=&#8221;123px&#8221; content_max_width=&#8221;100%&#8221; _builder_version=&#8221;4.27.4&#8243; _module_preset=&#8221;default&#8221; header_font=&#8221;|700||on|||||&#8221; header_text_align=&#8221;center&#8221; header_font_size=&#8221;16px&#8221; header_letter_spacing=&#8221;2px&#8221; header_line_height=&#8221;1.8em&#8221; body_text_color=&#8221;rgba(255,255,255,0.7)&#8221; body_font_size=&#8221;16px&#8221; body_line_height=&#8221;1.8em&#8221; background_enable_color=&#8221;off&#8221; image_icon_custom_padding=&#8221;0px|0px|0px|0px|false|false&#8221; background_layout=&#8221;dark&#8221; body_font_size_tablet=&#8221;&#8221; body_font_size_phone=&#8221;14px&#8221; body_font_size_last_edited=&#8221;on|phone&#8221; icon_font_size=&#8221;32px&#8221; use_circle=&#8221;on&#8221; circle_color=&#8221;#E0AF4A&#8221; locked=&#8221;off&#8221; global_colors_info=&#8221;{}&#8221; image_icon_background_color__sticky_enabled=&#8221;#7EBEC5&#8243; image_icon_background_color__sticky=&#8221;#7EBEC5&#8243;]<\/p>\n<p style=\"text-align: center;\"><strong>Man-Fre 15:00-22:00<\/strong><br \/><strong>L\u00f8r-S\u00f8n 13:00-22:00<\/strong><br \/>(kj\u00f8kkenet stenger 21:00 alle dager)<\/p>\n<p style=\"text-align: center;\">ODEON Kino<br \/>Claude Monets alle 25, 1338 Sandvika<\/p>\n<p>[\/et_pb_blurb][et_pb_button button_url=&#8221;https:\/\/tuktuk.no\/sandvika\/meny\/&#8221; button_text=&#8221;MENY&#8221; button_alignment=&#8221;center&#8221; _builder_version=&#8221;4.25.0&#8243; _module_preset=&#8221;default&#8221; custom_button=&#8221;on&#8221; button_text_size=&#8221;16px&#8221; button_text_color=&#8221;#222222&#8243; button_bg_color=&#8221;#f35052&#8243; button_border_width=&#8221;0px&#8221; button_border_radius=&#8221;0px&#8221; button_font=&#8221;|700|||||||&#8221; custom_padding=&#8221;15px|60px|15px|60px|true|true&#8221; global_colors_info=&#8221;{}&#8221;][\/et_pb_button][\/et_pb_column][\/et_pb_row][\/et_pb_section][et_pb_section fb_built=&#8221;1&#8243; admin_label=&#8221;Footer&#8221; _builder_version=&#8221;4.16&#8243; _module_preset=&#8221;default&#8221; background_color=&#8221;#141a22&#8243; locked=&#8221;off&#8221; global_colors_info=&#8221;{}&#8221;][et_pb_row column_structure=&#8221;1_3,1_3,1_3&#8243; _builder_version=&#8221;4.20.4&#8243; _module_preset=&#8221;default&#8221; global_colors_info=&#8221;{}&#8221;][et_pb_column type=&#8221;1_3&#8243; _builder_version=&#8221;4.20.4&#8243; _module_preset=&#8221;default&#8221; global_colors_info=&#8221;{}&#8221;][et_pb_image src=&#8221;https:\/\/tuktuk.no\/asker\/wp-content\/uploads\/2025\/09\/TukTuklogo.png&#8221; title_text=&#8221;TukTuklogo&#8221; _builder_version=&#8221;4.27.5&#8243; _module_preset=&#8221;default&#8221; width=&#8221;75%&#8221; global_colors_info=&#8221;{}&#8221;][\/et_pb_image][et_pb_social_media_follow icon_color=&#8221;#ffffff&#8221; _builder_version=&#8221;4.25.1&#8243; _module_preset=&#8221;default&#8221; custom_margin=&#8221;||||false|false&#8221; locked=&#8221;off&#8221; global_colors_info=&#8221;{}&#8221;][et_pb_social_media_follow_network social_network=&#8221;facebook&#8221; url=&#8221;https:\/\/www.facebook.com\/TukTukAsker&#8221; _builder_version=&#8221;4.25.1&#8243; _module_preset=&#8221;default&#8221; background_color=&#8221;#3b5998&#8243; global_colors_info=&#8221;{}&#8221; follow_button=&#8221;off&#8221; url_new_window=&#8221;on&#8221;]facebook[\/et_pb_social_media_follow_network][et_pb_social_media_follow_network social_network=&#8221;instagram&#8221; url=&#8221;https:\/\/www.instagram.com\/tuktuk_thai_restaurants&#8221; _builder_version=&#8221;4.25.1&#8243; _module_preset=&#8221;default&#8221; background_color=&#8221;#ea2c59&#8243; global_colors_info=&#8221;{}&#8221; follow_button=&#8221;off&#8221; url_new_window=&#8221;on&#8221;]instagram[\/et_pb_social_media_follow_network][\/et_pb_social_media_follow][\/et_pb_column][et_pb_column type=&#8221;1_3&#8243; _builder_version=&#8221;4.20.4&#8243; _module_preset=&#8221;default&#8221; global_colors_info=&#8221;{}&#8221;][et_pb_text _builder_version=&#8221;4.25.0&#8243; _module_preset=&#8221;default&#8221; text_font=&#8221;||||||||&#8221; text_text_color=&#8221;rgba(255,255,255,0.7)&#8221; text_font_size=&#8221;16px&#8221; text_line_height=&#8221;2em&#8221; link_font=&#8221;||||||||&#8221; link_text_color=&#8221;#ffffff&#8221; link_font_size=&#8221;16px&#8221; link_line_height=&#8221;2em&#8221; header_4_font=&#8221;|700||on|||||&#8221; header_4_font_size=&#8221;14px&#8221; header_4_letter_spacing=&#8221;4px&#8221; header_4_line_height=&#8221;1.4em&#8221; background_layout=&#8221;dark&#8221; locked=&#8221;off&#8221; global_colors_info=&#8221;{}&#8221;]<\/p>\n<h4>Asker<\/h4>\n<p>Apotekerhagen 17<br \/>1383 Asker<\/p>\n<p><a href=\"tel:4790030014\">+47 90030014<\/a><br \/><a href=\"mailto:asker@tuk-tuk.no\">asker@tuk-tuk.no<\/a><br \/>Org nr: 927 102 366<br \/><a href=\"https:\/\/tuktuk.no\/asker\/terms-and-conditions\/\">Terms and Conditions<\/a><\/p>\n<p>[\/et_pb_text][\/et_pb_column][et_pb_column type=&#8221;1_3&#8243; _builder_version=&#8221;4.20.4&#8243; _module_preset=&#8221;default&#8221; global_colors_info=&#8221;{}&#8221;][et_pb_text _builder_version=&#8221;4.25.0&#8243; _module_preset=&#8221;default&#8221; text_font=&#8221;||||||||&#8221; text_text_color=&#8221;rgba(255,255,255,0.7)&#8221; text_font_size=&#8221;16px&#8221; text_line_height=&#8221;2em&#8221; link_font=&#8221;||||||||&#8221; link_text_color=&#8221;#ffffff&#8221; link_font_size=&#8221;16px&#8221; link_line_height=&#8221;2em&#8221; header_4_font=&#8221;|700||on|||||&#8221; header_4_font_size=&#8221;14px&#8221; header_4_letter_spacing=&#8221;4px&#8221; header_4_line_height=&#8221;1.4em&#8221; background_layout=&#8221;dark&#8221; locked=&#8221;off&#8221; global_colors_info=&#8221;{}&#8221;]<\/p>\n<h4>Sandvika<\/h4>\n<p>ODEON Kino<br \/>\nClaude Monts alle 25,<br \/>\n1338 Sandvika<\/p>\n<p><a href=\"tel:4790030014\">+47 90030014<\/a><br \/>\n<a href=\"mailto:sandvika@tuk-tuk.no\">sandvika@tuk-tuk.no<\/a><br \/>\nOrg nr: 916 736 576<br \/>\n<a href=\"https:\/\/tuktuk.no\/sandvika\/terms-and-conditions\/\">Terms and Conditions<\/a>[\/et_pb_text][\/et_pb_column][\/et_pb_row][\/et_pb_section]<\/p>\n","protected":false},"excerpt":{"rendered":"<p>Kontakt oss Planlegge catering eller opprette bedriftsavtale? Kontakt oss i dag for et godt m\u00e5ltid fra en av v\u00e5re restauranter.Velg din restaurantMan \u2013 S\u00f8n: 14:00 \u2013 22:00 (kj\u00f8kkenet stenger kl 21:00 alle dager) Apotekerhagen 17, 1383 AskerMan-Fre 15:00-22:00L\u00f8r-S\u00f8n 13:00-22:00(kj\u00f8kkenet stenger 21:00 alle dager) ODEON KinoClaude Monets alle 25, 1338 SandvikaAsker Apotekerhagen 171383 Asker +47 90030014asker@tuk-tuk.noOrg [&hellip;]<\/p>\n","protected":false},"author":59,"featured_media":0,"parent":0,"menu_order":0,"comment_status":"closed","ping_status":"closed","template":"","meta":{"_acf_changed":false,"_et_pb_use_builder":"on","_et_pb_old_content":"","_et_gb_content_width":"","footnotes":""},"class_list":["post-6806","page","type-page","status-publish","hentry"],"acf":[],"yoast_head":"<!-- This site is optimized with the Yoast SEO plugin v27.3 - https:\/\/yoast.com\/product\/yoast-seo-wordpress\/ -->\n<title>Kontakt - TukTuk Asker<\/title>\n<meta name=\"robots\" content=\"index, follow, max-snippet:-1, max-image-preview:large, max-video-preview:-1\" \/>\n<link rel=\"canonical\" href=\"https:\/\/tuktuk.no\/asker\/kontakt\/\" \/>\n<meta property=\"og:locale\" content=\"en_GB\" \/>\n<meta property=\"og:type\" content=\"article\" \/>\n<meta property=\"og:title\" content=\"Kontakt - TukTuk Asker\" \/>\n<meta property=\"og:description\" content=\"Kontakt oss Planlegge catering eller opprette bedriftsavtale? Kontakt oss i dag for et godt m\u00e5ltid fra en av v\u00e5re restauranter.Velg din restaurantMan \u2013 S\u00f8n: 14:00 \u2013 22:00 (kj\u00f8kkenet stenger kl 21:00 alle dager) Apotekerhagen 17, 1383 AskerMan-Fre 15:00-22:00L\u00f8r-S\u00f8n 13:00-22:00(kj\u00f8kkenet stenger 21:00 alle dager) ODEON KinoClaude Monets alle 25, 1338 SandvikaAsker Apotekerhagen 171383 Asker +47 90030014asker@tuk-tuk.noOrg [&hellip;]\" \/>\n<meta property=\"og:url\" content=\"https:\/\/tuktuk.no\/asker\/kontakt\/\" \/>\n<meta property=\"og:site_name\" content=\"TukTuk Asker\" \/>\n<meta property=\"article:modified_time\" content=\"2026-04-13T19:02:11+00:00\" \/>\n<meta name=\"twitter:card\" content=\"summary_large_image\" \/>\n<meta name=\"twitter:label1\" content=\"Estimated reading time\" \/>\n\t<meta name=\"twitter:data1\" content=\"2 minutes\" \/>\n<script type=\"application\/ld+json\" class=\"yoast-schema-graph\">{\"@context\":\"https:\\\/\\\/schema.org\",\"@graph\":[{\"@type\":\"WebPage\",\"@id\":\"https:\\\/\\\/tuktuk.no\\\/asker\\\/kontakt\\\/\",\"url\":\"https:\\\/\\\/tuktuk.no\\\/asker\\\/kontakt\\\/\",\"name\":\"Kontakt - TukTuk Asker\",\"isPartOf\":{\"@id\":\"https:\\\/\\\/tuktuk.no\\\/asker\\\/#website\"},\"datePublished\":\"2024-02-24T20:03:32+00:00\",\"dateModified\":\"2026-04-13T19:02:11+00:00\",\"inLanguage\":\"en-GB\",\"potentialAction\":[{\"@type\":\"ReadAction\",\"target\":[\"https:\\\/\\\/tuktuk.no\\\/asker\\\/kontakt\\\/\"]}]},{\"@type\":\"WebSite\",\"@id\":\"https:\\\/\\\/tuktuk.no\\\/asker\\\/#website\",\"url\":\"https:\\\/\\\/tuktuk.no\\\/asker\\\/\",\"name\":\"TukTuk Asker\",\"description\":\"Best Thai resturant i Asker\",\"potentialAction\":[{\"@type\":\"SearchAction\",\"target\":{\"@type\":\"EntryPoint\",\"urlTemplate\":\"https:\\\/\\\/tuktuk.no\\\/asker\\\/?s={search_term_string}\"},\"query-input\":{\"@type\":\"PropertyValueSpecification\",\"valueRequired\":true,\"valueName\":\"search_term_string\"}}],\"inLanguage\":\"en-GB\"}]}<\/script>\n<!-- \/ Yoast SEO plugin. -->","yoast_head_json":{"title":"Kontakt - TukTuk Asker","robots":{"index":"index","follow":"follow","max-snippet":"max-snippet:-1","max-image-preview":"max-image-preview:large","max-video-preview":"max-video-preview:-1"},"canonical":"https:\/\/tuktuk.no\/asker\/kontakt\/","og_locale":"en_GB","og_type":"article","og_title":"Kontakt - TukTuk Asker","og_description":"Kontakt oss Planlegge catering eller opprette bedriftsavtale? Kontakt oss i dag for et godt m\u00e5ltid fra en av v\u00e5re restauranter.Velg din restaurantMan \u2013 S\u00f8n: 14:00 \u2013 22:00 (kj\u00f8kkenet stenger kl 21:00 alle dager) Apotekerhagen 17, 1383 AskerMan-Fre 15:00-22:00L\u00f8r-S\u00f8n 13:00-22:00(kj\u00f8kkenet stenger 21:00 alle dager) ODEON KinoClaude Monets alle 25, 1338 SandvikaAsker Apotekerhagen 171383 Asker +47 90030014asker@tuk-tuk.noOrg [&hellip;]","og_url":"https:\/\/tuktuk.no\/asker\/kontakt\/","og_site_name":"TukTuk Asker","article_modified_time":"2026-04-13T19:02:11+00:00","twitter_card":"summary_large_image","twitter_misc":{"Estimated reading time":"2 minutes"},"schema":{"@context":"https:\/\/schema.org","@graph":[{"@type":"WebPage","@id":"https:\/\/tuktuk.no\/asker\/kontakt\/","url":"https:\/\/tuktuk.no\/asker\/kontakt\/","name":"Kontakt - TukTuk Asker","isPartOf":{"@id":"https:\/\/tuktuk.no\/asker\/#website"},"datePublished":"2024-02-24T20:03:32+00:00","dateModified":"2026-04-13T19:02:11+00:00","inLanguage":"en-GB","potentialAction":[{"@type":"ReadAction","target":["https:\/\/tuktuk.no\/asker\/kontakt\/"]}]},{"@type":"WebSite","@id":"https:\/\/tuktuk.no\/asker\/#website","url":"https:\/\/tuktuk.no\/asker\/","name":"TukTuk Asker","description":"Best Thai resturant i Asker","potentialAction":[{"@type":"SearchAction","target":{"@type":"EntryPoint","urlTemplate":"https:\/\/tuktuk.no\/asker\/?s={search_term_string}"},"query-input":{"@type":"PropertyValueSpecification","valueRequired":true,"valueName":"search_term_string"}}],"inLanguage":"en-GB"}]}},"_links":{"self":[{"href":"https:\/\/tuktuk.no\/asker\/wp-json\/wp\/v2\/pages\/6806","targetHints":{"allow":["GET"]}}],"collection":[{"href":"https:\/\/tuktuk.no\/asker\/wp-json\/wp\/v2\/pages"}],"about":[{"href":"https:\/\/tuktuk.no\/asker\/wp-json\/wp\/v2\/types\/page"}],"author":[{"embeddable":true,"href":"https:\/\/tuktuk.no\/asker\/wp-json\/wp\/v2\/users\/59"}],"replies":[{"embeddable":true,"href":"https:\/\/tuktuk.no\/asker\/wp-json\/wp\/v2\/comments?post=6806"}],"version-history":[{"count":19,"href":"https:\/\/tuktuk.no\/asker\/wp-json\/wp\/v2\/pages\/6806\/revisions"}],"predecessor-version":[{"id":12599,"href":"https:\/\/tuktuk.no\/asker\/wp-json\/wp\/v2\/pages\/6806\/revisions\/12599"}],"wp:attachment":[{"href":"https:\/\/tuktuk.no\/asker\/wp-json\/wp\/v2\/media?parent=6806"}],"curies":[{"name":"wp","href":"https:\/\/api.w.org\/{rel}","templated":true}]}}